{"id":418,"date":"2019-06-04T11:30:28","date_gmt":"2019-06-04T11:30:28","guid":{"rendered":"http:\/\/infamousdivision.com\/beta\/?page_id=418"},"modified":"2019-06-04T11:47:11","modified_gmt":"2019-06-04T11:47:11","slug":"nosaltres","status":"publish","type":"page","link":"https:\/\/infamousdivision.com\/ca\/nosaltres\/","title":{"rendered":"NOSALTRES"},"content":{"rendered":"\n<div class=\"row\"  id=\"row-1308809178\">\n\n\n\t<div id=\"col-1972409785\" class=\"col medium-6 small-12 large-6\"  >\n\t\t\t\t<div class=\"col-inner\"  >\n\t\t\t\n\t\t\t\n\n<p><strong>Infamous Division<\/strong> som una firma t\u00e8xtil creada a <strong>Barcelona<\/strong> l&#8217;any 2018.<\/p>\n<p>Veient que cap marca de roba local s&#8217;identificava amb la nostra manera d&#8217;entendre la vida vam decidir tirar endavant Infamous Division, productes amb dissenys senzills on es barreja el nostre amor per la m\u00fasica, el futbol i la nostra ciutat. Amb un clar missatge antiracista com no podria ser d&#8217;una altra manera.<\/p>\n<p>Som aix\u00ed. Passem les hores als carrers, als bars i en els estadis. Vivint com ens agrada, a la nostra manera. Amagats on menys t&#8217;ho esperes, preparats pel que faci falta. Odiats per tots.<\/p>\n<p>Tots els nostres productes estan dissenyats i manufacturats a Barcelona. Materials de qualitat i atenci\u00f3 als m\u00e9s m\u00ednims detalls. A qu\u00e8 esperes per unir-te a la fam\u00edlia?<\/p>\n<a href=\"https:\/\/infamousdivision.com\/ca\/botiga\/\" class=\"button primary\"  style=\"border-radius:99px;\">\n    <span>Els nostres productes<\/span>\n  <i class=\"icon-shopping-cart\" aria-hidden=\"true\" ><\/i><\/a>\n\n\n<div class=\"social-icons follow-icons\" ><a href=\"https:\/\/facebook.com\/infamousdivisionbcn\" target=\"_blank\" data-label=\"Facebook\" class=\"icon button circle is-outline facebook tooltip\" title=\"Seguiu-nos a Facebook\" aria-label=\"Seguiu-nos a Facebook\" rel=\"noopener nofollow\" ><i class=\"icon-facebook\" ><\/i><\/a><a href=\"https:\/\/instagram.com\/infamousdivision\" target=\"_blank\" data-label=\"Instagram\" class=\"icon button circle is-outline instagram tooltip\" title=\"Seguiu-nos a Instagram\" aria-label=\"Seguiu-nos a Instagram\" rel=\"noopener nofollow\" ><i class=\"icon-instagram\" ><\/i><\/a><\/div>\n\n\n\t\t<\/div>\n\t\t\t\t\t<\/div>\n\n\t\n\n\t<div id=\"col-405812083\" class=\"col medium-6 small-12 large-6\"  >\n\t\t\t\t<div class=\"col-inner\"  >\n\t\t\t\n\t\t\t\n\n\t<div class=\"img has-hover x md-x lg-x y md-y lg-y\" id=\"image_283055616\">\n\t\t\t\t\t\t\t\t<div class=\"img-inner dark\" >\n\t\t\t<img decoding=\"async\" width=\"900\" height=\"601\" src=\"https:\/\/infamousdivision.com\/wp-content\/uploads\/2019\/06\/sketch-infamous-division.jpg\" class=\"attachment-large size-large\" alt=\"\" srcset=\"https:\/\/infamousdivision.com\/wp-content\/uploads\/2019\/06\/sketch-infamous-division.jpg 900w, https:\/\/infamousdivision.com\/wp-content\/uploads\/2019\/06\/sketch-infamous-division-248x166.jpg 248w, https:\/\/infamousdivision.com\/wp-content\/uploads\/2019\/06\/sketch-infamous-division-510x341.jpg 510w, https:\/\/infamousdivision.com\/wp-content\/uploads\/2019\/06\/sketch-infamous-division-599x400.jpg 599w, https:\/\/infamousdivision.com\/wp-content\/uploads\/2019\/06\/sketch-infamous-division-768x513.jpg 768w\" sizes=\"(max-width: 900px) 100vw, 900px\" \/>\t\t\t\t\t\t\n\t\t\t\t\t<\/div>\n\t\t\t\t\t\t\t\t\n<style>\n#image_283055616 {\n  width: 100%;\n}\n<\/style>\n\t<\/div>\n\t\n\n\n\t\t<\/div>\n\t\t\t\t\t<\/div>\n\n\t\n\n<\/div>\n","protected":false},"excerpt":{"rendered":"","protected":false},"author":1,"featured_media":0,"parent":0,"menu_order":0,"comment_status":"closed","ping_status":"closed","template":"page-blank-title-center.php","meta":{"footnotes":""},"class_list":["post-418","page","type-page","status-publish","hentry"],"yoast_head":"<!-- This site is optimized with the Yoast SEO plugin v27.4 - https:\/\/yoast.com\/product\/yoast-seo-wordpress\/ -->\n<title>NOSALTRES - Infamous Division<\/title>\n<meta name=\"robots\" content=\"index, follow, max-snippet:-1, max-image-preview:large, max-video-preview:-1\" \/>\n<link rel=\"canonical\" href=\"https:\/\/infamousdivision.com\/ca\/nosaltres\/\" \/>\n<meta property=\"og:locale\" content=\"ca_ES\" \/>\n<meta property=\"og:type\" content=\"article\" \/>\n<meta property=\"og:title\" content=\"NOSALTRES - Infamous Division\" \/>\n<meta property=\"og:url\" content=\"https:\/\/infamousdivision.com\/ca\/nosaltres\/\" \/>\n<meta property=\"og:site_name\" content=\"Infamous Division\" \/>\n<meta property=\"article:publisher\" content=\"https:\/\/www.facebook.com\/infamousdivisionbcn\" \/>\n<meta property=\"article:modified_time\" content=\"2019-06-04T11:47:11+00:00\" \/>\n<meta name=\"twitter:card\" content=\"summary_large_image\" \/>\n<script type=\"application\/ld+json\" class=\"yoast-schema-graph\">{\"@context\":\"https:\\\/\\\/schema.org\",\"@graph\":[{\"@type\":\"WebPage\",\"@id\":\"https:\\\/\\\/infamousdivision.com\\\/ca\\\/nosaltres\\\/\",\"url\":\"https:\\\/\\\/infamousdivision.com\\\/ca\\\/nosaltres\\\/\",\"name\":\"NOSALTRES - Infamous Division\",\"isPartOf\":{\"@id\":\"https:\\\/\\\/infamousdivision.com\\\/ca\\\/#website\"},\"datePublished\":\"2019-06-04T11:30:28+00:00\",\"dateModified\":\"2019-06-04T11:47:11+00:00\",\"breadcrumb\":{\"@id\":\"https:\\\/\\\/infamousdivision.com\\\/ca\\\/nosaltres\\\/#breadcrumb\"},\"inLanguage\":\"ca\",\"potentialAction\":[{\"@type\":\"ReadAction\",\"target\":[\"https:\\\/\\\/infamousdivision.com\\\/ca\\\/nosaltres\\\/\"]}]},{\"@type\":\"BreadcrumbList\",\"@id\":\"https:\\\/\\\/infamousdivision.com\\\/ca\\\/nosaltres\\\/#breadcrumb\",\"itemListElement\":[{\"@type\":\"ListItem\",\"position\":1,\"name\":\"Portada\",\"item\":\"https:\\\/\\\/infamousdivision.com\\\/ca\\\/\"},{\"@type\":\"ListItem\",\"position\":2,\"name\":\"NOSALTRES\"}]},{\"@type\":\"WebSite\",\"@id\":\"https:\\\/\\\/infamousdivision.com\\\/ca\\\/#website\",\"url\":\"https:\\\/\\\/infamousdivision.com\\\/ca\\\/\",\"name\":\"Infamous Division\",\"description\":\"Tienda de ropa casual. Creada en Barcelona. Nueva tienda anti racista ambientada en el f\u00fatbol.\",\"publisher\":{\"@id\":\"https:\\\/\\\/infamousdivision.com\\\/ca\\\/#organization\"},\"potentialAction\":[{\"@type\":\"SearchAction\",\"target\":{\"@type\":\"EntryPoint\",\"urlTemplate\":\"https:\\\/\\\/infamousdivision.com\\\/ca\\\/?s={search_term_string}\"},\"query-input\":{\"@type\":\"PropertyValueSpecification\",\"valueRequired\":true,\"valueName\":\"search_term_string\"}}],\"inLanguage\":\"ca\"},{\"@type\":\"Organization\",\"@id\":\"https:\\\/\\\/infamousdivision.com\\\/ca\\\/#organization\",\"name\":\"Infamous Division\",\"url\":\"https:\\\/\\\/infamousdivision.com\\\/ca\\\/\",\"logo\":{\"@type\":\"ImageObject\",\"inLanguage\":\"ca\",\"@id\":\"https:\\\/\\\/infamousdivision.com\\\/ca\\\/#\\\/schema\\\/logo\\\/image\\\/\",\"url\":\"http:\\\/\\\/infamousdivision.com\\\/wp-content\\\/uploads\\\/2019\\\/06\\\/logo_net_classic_1080.jpg\",\"contentUrl\":\"http:\\\/\\\/infamousdivision.com\\\/wp-content\\\/uploads\\\/2019\\\/06\\\/logo_net_classic_1080.jpg\",\"width\":1080,\"height\":1080,\"caption\":\"Infamous Division\"},\"image\":{\"@id\":\"https:\\\/\\\/infamousdivision.com\\\/ca\\\/#\\\/schema\\\/logo\\\/image\\\/\"},\"sameAs\":[\"https:\\\/\\\/www.facebook.com\\\/infamousdivisionbcn\",\"https:\\\/\\\/www.instagram.com\\\/infamousdivision\\\/\"]}]}<\/script>\n<!-- \/ Yoast SEO plugin. -->","yoast_head_json":{"title":"NOSALTRES - Infamous Division","robots":{"index":"index","follow":"follow","max-snippet":"max-snippet:-1","max-image-preview":"max-image-preview:large","max-video-preview":"max-video-preview:-1"},"canonical":"https:\/\/infamousdivision.com\/ca\/nosaltres\/","og_locale":"ca_ES","og_type":"article","og_title":"NOSALTRES - Infamous Division","og_url":"https:\/\/infamousdivision.com\/ca\/nosaltres\/","og_site_name":"Infamous Division","article_publisher":"https:\/\/www.facebook.com\/infamousdivisionbcn","article_modified_time":"2019-06-04T11:47:11+00:00","twitter_card":"summary_large_image","schema":{"@context":"https:\/\/schema.org","@graph":[{"@type":"WebPage","@id":"https:\/\/infamousdivision.com\/ca\/nosaltres\/","url":"https:\/\/infamousdivision.com\/ca\/nosaltres\/","name":"NOSALTRES - Infamous Division","isPartOf":{"@id":"https:\/\/infamousdivision.com\/ca\/#website"},"datePublished":"2019-06-04T11:30:28+00:00","dateModified":"2019-06-04T11:47:11+00:00","breadcrumb":{"@id":"https:\/\/infamousdivision.com\/ca\/nosaltres\/#breadcrumb"},"inLanguage":"ca","potentialAction":[{"@type":"ReadAction","target":["https:\/\/infamousdivision.com\/ca\/nosaltres\/"]}]},{"@type":"BreadcrumbList","@id":"https:\/\/infamousdivision.com\/ca\/nosaltres\/#breadcrumb","itemListElement":[{"@type":"ListItem","position":1,"name":"Portada","item":"https:\/\/infamousdivision.com\/ca\/"},{"@type":"ListItem","position":2,"name":"NOSALTRES"}]},{"@type":"WebSite","@id":"https:\/\/infamousdivision.com\/ca\/#website","url":"https:\/\/infamousdivision.com\/ca\/","name":"Infamous Division","description":"Tienda de ropa casual. Creada en Barcelona. Nueva tienda anti racista ambientada en el f\u00fatbol.","publisher":{"@id":"https:\/\/infamousdivision.com\/ca\/#organization"},"potentialAction":[{"@type":"SearchAction","target":{"@type":"EntryPoint","urlTemplate":"https:\/\/infamousdivision.com\/ca\/?s={search_term_string}"},"query-input":{"@type":"PropertyValueSpecification","valueRequired":true,"valueName":"search_term_string"}}],"inLanguage":"ca"},{"@type":"Organization","@id":"https:\/\/infamousdivision.com\/ca\/#organization","name":"Infamous Division","url":"https:\/\/infamousdivision.com\/ca\/","logo":{"@type":"ImageObject","inLanguage":"ca","@id":"https:\/\/infamousdivision.com\/ca\/#\/schema\/logo\/image\/","url":"http:\/\/infamousdivision.com\/wp-content\/uploads\/2019\/06\/logo_net_classic_1080.jpg","contentUrl":"http:\/\/infamousdivision.com\/wp-content\/uploads\/2019\/06\/logo_net_classic_1080.jpg","width":1080,"height":1080,"caption":"Infamous Division"},"image":{"@id":"https:\/\/infamousdivision.com\/ca\/#\/schema\/logo\/image\/"},"sameAs":["https:\/\/www.facebook.com\/infamousdivisionbcn","https:\/\/www.instagram.com\/infamousdivision\/"]}]}},"_links":{"self":[{"href":"https:\/\/infamousdivision.com\/ca\/wp-json\/wp\/v2\/pages\/418","targetHints":{"allow":["GET"]}}],"collection":[{"href":"https:\/\/infamousdivision.com\/ca\/wp-json\/wp\/v2\/pages"}],"about":[{"href":"https:\/\/infamousdivision.com\/ca\/wp-json\/wp\/v2\/types\/page"}],"author":[{"embeddable":true,"href":"https:\/\/infamousdivision.com\/ca\/wp-json\/wp\/v2\/users\/1"}],"replies":[{"embeddable":true,"href":"https:\/\/infamousdivision.com\/ca\/wp-json\/wp\/v2\/comments?post=418"}],"version-history":[{"count":0,"href":"https:\/\/infamousdivision.com\/ca\/wp-json\/wp\/v2\/pages\/418\/revisions"}],"wp:attachment":[{"href":"https:\/\/infamousdivision.com\/ca\/wp-json\/wp\/v2\/media?parent=418"}],"curies":[{"name":"wp","href":"https:\/\/api.w.org\/{rel}","templated":true}]}}