{"id":459,"date":"2019-06-04T15:09:21","date_gmt":"2019-06-04T15:09:21","guid":{"rendered":"http:\/\/infamousdivision.com\/beta\/?page_id=459"},"modified":"2021-11-21T22:01:27","modified_gmt":"2021-11-21T21:01:27","slug":"enviaments-i-devolucions","status":"publish","type":"page","link":"https:\/\/infamousdivision.com\/ca\/enviaments-i-devolucions\/","title":{"rendered":"Enviaments i devolucions"},"content":{"rendered":"\n<p><strong>Enviaments<\/strong><br>Les comandes s&#8217;envien els dies feiners per missatgeria certificada. Rebr\u00e0 un correu de confirmaci\u00f3 quan la seva comanda hagi estat enviat.<\/p>\n<p>Durant els mesos de desembre i gener les empreses de transport tenen molta c\u00e0rrega de treball i els terminis de lliurament es poden allargar una mica, et recomanem que facis les comandes amb temps.<\/p>\n<p>&nbsp;<\/p>\n<p><strong>Despeses d&#8217;enviament<\/strong><br>Enviament certificat Pen\u00ednsula 72h: 5,5\u20ac<br>Enviament certificat Balears i Can\u00e0ries 72: 14\u20ac<br>Enviament certificat Europa: 15 \u20ac<\/p>\n\nAlguns preus poden variar segons la demanda i el dest\u00ed.\nPodeu calcular el preu de l&#8217;enviament al Carro de compra introduint l\u2019adre\u00e7a d&#8217;enviament.\n<p>&nbsp;<\/p>\n<p><strong>Devolucions i reclamacions<br><\/strong>Per canvis o devolucions contacta&#8217;ns via mail a info@infamousdivision.com. Pots tornar els nostres productes en el termini de 14 dies a partir de la recepci\u00f3 de l&#8217;enviament (sempre que el producte no estigui usat m\u00e9s enll\u00e0 de la seva mera comprovaci\u00f3 i estigui en bones condicions).<\/p>\n<p>En la descripci\u00f3 del producte hi ha la Guia de talles. Si el canvi es deu al fet que la mida no li va b\u00e9, ja que les mesures estan indicades a la web, les despeses de l&#8217;enviament de tornada i el nou enviament van a c\u00e0rrec seu. Si el canvi \u00e9s per un error nostre o per algun defecte en el producte, nosaltres assumim totes les despeses.<\/p>\n<p>No es canviar\u00e0 cap producte que hagi estat utilitzat o amb algun defecte causat pel client (com roba que s&#8217;hagi rentat o utilitzat).<\/p>\n<p dir=\"ltr\">En el cas dels paquets que es perdin pel cam\u00ed, totes les reclamacions s&#8217;han d&#8217;enviar sempre abans que es compleixin 1 mes despr\u00e9s de la data de lliurament estimada. Intentarem resoldre la incid\u00e8ncia amb l&#8217;empresa de transports.<\/p>\n","protected":false},"excerpt":{"rendered":"<p>EnviamentsLes comandes s&#8217;envien els dies feiners per missatgeria certificada. Rebr\u00e0 un correu de confirmaci\u00f3 quan la seva comanda hagi estat enviat. Durant els mesos de desembre i gener les empreses de transport tenen molta c\u00e0rrega de treball i els terminis de lliurament es poden allargar una mica, et recomanem que facis les comandes amb temps. [&#8230;]\n","protected":false},"author":1,"featured_media":0,"parent":0,"menu_order":0,"comment_status":"closed","ping_status":"closed","template":"page-blank-title-center.php","meta":{"footnotes":""},"class_list":["post-459","page","type-page","status-publish","hentry"],"yoast_head":"<!-- This site is optimized with the Yoast SEO plugin v27.3 - https:\/\/yoast.com\/product\/yoast-seo-wordpress\/ -->\n<title>Enviaments i devolucions - Infamous Division<\/title>\n<meta name=\"robots\" content=\"index, follow, max-snippet:-1, max-image-preview:large, max-video-preview:-1\" \/>\n<link rel=\"canonical\" href=\"https:\/\/infamousdivision.com\/ca\/enviaments-i-devolucions\/\" \/>\n<meta property=\"og:locale\" content=\"ca_ES\" \/>\n<meta property=\"og:type\" content=\"article\" \/>\n<meta property=\"og:title\" content=\"Enviaments i devolucions - Infamous Division\" \/>\n<meta property=\"og:description\" content=\"EnviamentsLes comandes s&#8217;envien els dies feiners per missatgeria certificada. Rebr\u00e0 un correu de confirmaci\u00f3 quan la seva comanda hagi estat enviat. Durant els mesos de desembre i gener les empreses de transport tenen molta c\u00e0rrega de treball i els terminis de lliurament es poden allargar una mica, et recomanem que facis les comandes amb temps. [...]\" \/>\n<meta property=\"og:url\" content=\"https:\/\/infamousdivision.com\/ca\/enviaments-i-devolucions\/\" \/>\n<meta property=\"og:site_name\" content=\"Infamous Division\" \/>\n<meta property=\"article:publisher\" content=\"https:\/\/www.facebook.com\/infamousdivisionbcn\" \/>\n<meta property=\"article:modified_time\" content=\"2021-11-21T21:01:27+00:00\" \/>\n<meta name=\"twitter:card\" content=\"summary_large_image\" \/>\n<script type=\"application\/ld+json\" class=\"yoast-schema-graph\">{\"@context\":\"https:\\\/\\\/schema.org\",\"@graph\":[{\"@type\":\"WebPage\",\"@id\":\"https:\\\/\\\/infamousdivision.com\\\/ca\\\/enviaments-i-devolucions\\\/\",\"url\":\"https:\\\/\\\/infamousdivision.com\\\/ca\\\/enviaments-i-devolucions\\\/\",\"name\":\"Enviaments i devolucions - Infamous Division\",\"isPartOf\":{\"@id\":\"https:\\\/\\\/infamousdivision.com\\\/ca\\\/#website\"},\"datePublished\":\"2019-06-04T15:09:21+00:00\",\"dateModified\":\"2021-11-21T21:01:27+00:00\",\"breadcrumb\":{\"@id\":\"https:\\\/\\\/infamousdivision.com\\\/ca\\\/enviaments-i-devolucions\\\/#breadcrumb\"},\"inLanguage\":\"ca\",\"potentialAction\":[{\"@type\":\"ReadAction\",\"target\":[\"https:\\\/\\\/infamousdivision.com\\\/ca\\\/enviaments-i-devolucions\\\/\"]}]},{\"@type\":\"BreadcrumbList\",\"@id\":\"https:\\\/\\\/infamousdivision.com\\\/ca\\\/enviaments-i-devolucions\\\/#breadcrumb\",\"itemListElement\":[{\"@type\":\"ListItem\",\"position\":1,\"name\":\"Portada\",\"item\":\"https:\\\/\\\/infamousdivision.com\\\/ca\\\/\"},{\"@type\":\"ListItem\",\"position\":2,\"name\":\"Enviaments i devolucions\"}]},{\"@type\":\"WebSite\",\"@id\":\"https:\\\/\\\/infamousdivision.com\\\/ca\\\/#website\",\"url\":\"https:\\\/\\\/infamousdivision.com\\\/ca\\\/\",\"name\":\"Infamous Division\",\"description\":\"Tienda de ropa casual. Creada en Barcelona. Nueva tienda anti racista ambientada en el f\u00fatbol.\",\"publisher\":{\"@id\":\"https:\\\/\\\/infamousdivision.com\\\/ca\\\/#organization\"},\"potentialAction\":[{\"@type\":\"SearchAction\",\"target\":{\"@type\":\"EntryPoint\",\"urlTemplate\":\"https:\\\/\\\/infamousdivision.com\\\/ca\\\/?s={search_term_string}\"},\"query-input\":{\"@type\":\"PropertyValueSpecification\",\"valueRequired\":true,\"valueName\":\"search_term_string\"}}],\"inLanguage\":\"ca\"},{\"@type\":\"Organization\",\"@id\":\"https:\\\/\\\/infamousdivision.com\\\/ca\\\/#organization\",\"name\":\"Infamous Division\",\"url\":\"https:\\\/\\\/infamousdivision.com\\\/ca\\\/\",\"logo\":{\"@type\":\"ImageObject\",\"inLanguage\":\"ca\",\"@id\":\"https:\\\/\\\/infamousdivision.com\\\/ca\\\/#\\\/schema\\\/logo\\\/image\\\/\",\"url\":\"http:\\\/\\\/infamousdivision.com\\\/wp-content\\\/uploads\\\/2019\\\/06\\\/logo_net_classic_1080.jpg\",\"contentUrl\":\"http:\\\/\\\/infamousdivision.com\\\/wp-content\\\/uploads\\\/2019\\\/06\\\/logo_net_classic_1080.jpg\",\"width\":1080,\"height\":1080,\"caption\":\"Infamous Division\"},\"image\":{\"@id\":\"https:\\\/\\\/infamousdivision.com\\\/ca\\\/#\\\/schema\\\/logo\\\/image\\\/\"},\"sameAs\":[\"https:\\\/\\\/www.facebook.com\\\/infamousdivisionbcn\",\"https:\\\/\\\/www.instagram.com\\\/infamousdivision\\\/\"]}]}<\/script>\n<!-- \/ Yoast SEO plugin. -->","yoast_head_json":{"title":"Enviaments i devolucions - Infamous Division","robots":{"index":"index","follow":"follow","max-snippet":"max-snippet:-1","max-image-preview":"max-image-preview:large","max-video-preview":"max-video-preview:-1"},"canonical":"https:\/\/infamousdivision.com\/ca\/enviaments-i-devolucions\/","og_locale":"ca_ES","og_type":"article","og_title":"Enviaments i devolucions - Infamous Division","og_description":"EnviamentsLes comandes s&#8217;envien els dies feiners per missatgeria certificada. Rebr\u00e0 un correu de confirmaci\u00f3 quan la seva comanda hagi estat enviat. Durant els mesos de desembre i gener les empreses de transport tenen molta c\u00e0rrega de treball i els terminis de lliurament es poden allargar una mica, et recomanem que facis les comandes amb temps. [...]","og_url":"https:\/\/infamousdivision.com\/ca\/enviaments-i-devolucions\/","og_site_name":"Infamous Division","article_publisher":"https:\/\/www.facebook.com\/infamousdivisionbcn","article_modified_time":"2021-11-21T21:01:27+00:00","twitter_card":"summary_large_image","schema":{"@context":"https:\/\/schema.org","@graph":[{"@type":"WebPage","@id":"https:\/\/infamousdivision.com\/ca\/enviaments-i-devolucions\/","url":"https:\/\/infamousdivision.com\/ca\/enviaments-i-devolucions\/","name":"Enviaments i devolucions - Infamous Division","isPartOf":{"@id":"https:\/\/infamousdivision.com\/ca\/#website"},"datePublished":"2019-06-04T15:09:21+00:00","dateModified":"2021-11-21T21:01:27+00:00","breadcrumb":{"@id":"https:\/\/infamousdivision.com\/ca\/enviaments-i-devolucions\/#breadcrumb"},"inLanguage":"ca","potentialAction":[{"@type":"ReadAction","target":["https:\/\/infamousdivision.com\/ca\/enviaments-i-devolucions\/"]}]},{"@type":"BreadcrumbList","@id":"https:\/\/infamousdivision.com\/ca\/enviaments-i-devolucions\/#breadcrumb","itemListElement":[{"@type":"ListItem","position":1,"name":"Portada","item":"https:\/\/infamousdivision.com\/ca\/"},{"@type":"ListItem","position":2,"name":"Enviaments i devolucions"}]},{"@type":"WebSite","@id":"https:\/\/infamousdivision.com\/ca\/#website","url":"https:\/\/infamousdivision.com\/ca\/","name":"Infamous Division","description":"Tienda de ropa casual. Creada en Barcelona. Nueva tienda anti racista ambientada en el f\u00fatbol.","publisher":{"@id":"https:\/\/infamousdivision.com\/ca\/#organization"},"potentialAction":[{"@type":"SearchAction","target":{"@type":"EntryPoint","urlTemplate":"https:\/\/infamousdivision.com\/ca\/?s={search_term_string}"},"query-input":{"@type":"PropertyValueSpecification","valueRequired":true,"valueName":"search_term_string"}}],"inLanguage":"ca"},{"@type":"Organization","@id":"https:\/\/infamousdivision.com\/ca\/#organization","name":"Infamous Division","url":"https:\/\/infamousdivision.com\/ca\/","logo":{"@type":"ImageObject","inLanguage":"ca","@id":"https:\/\/infamousdivision.com\/ca\/#\/schema\/logo\/image\/","url":"http:\/\/infamousdivision.com\/wp-content\/uploads\/2019\/06\/logo_net_classic_1080.jpg","contentUrl":"http:\/\/infamousdivision.com\/wp-content\/uploads\/2019\/06\/logo_net_classic_1080.jpg","width":1080,"height":1080,"caption":"Infamous Division"},"image":{"@id":"https:\/\/infamousdivision.com\/ca\/#\/schema\/logo\/image\/"},"sameAs":["https:\/\/www.facebook.com\/infamousdivisionbcn","https:\/\/www.instagram.com\/infamousdivision\/"]}]}},"_links":{"self":[{"href":"https:\/\/infamousdivision.com\/ca\/wp-json\/wp\/v2\/pages\/459","targetHints":{"allow":["GET"]}}],"collection":[{"href":"https:\/\/infamousdivision.com\/ca\/wp-json\/wp\/v2\/pages"}],"about":[{"href":"https:\/\/infamousdivision.com\/ca\/wp-json\/wp\/v2\/types\/page"}],"author":[{"embeddable":true,"href":"https:\/\/infamousdivision.com\/ca\/wp-json\/wp\/v2\/users\/1"}],"replies":[{"embeddable":true,"href":"https:\/\/infamousdivision.com\/ca\/wp-json\/wp\/v2\/comments?post=459"}],"version-history":[{"count":8,"href":"https:\/\/infamousdivision.com\/ca\/wp-json\/wp\/v2\/pages\/459\/revisions"}],"predecessor-version":[{"id":2175,"href":"https:\/\/infamousdivision.com\/ca\/wp-json\/wp\/v2\/pages\/459\/revisions\/2175"}],"wp:attachment":[{"href":"https:\/\/infamousdivision.com\/ca\/wp-json\/wp\/v2\/media?parent=459"}],"curies":[{"name":"wp","href":"https:\/\/api.w.org\/{rel}","templated":true}]}}