{"id":467,"date":"2019-06-04T15:13:33","date_gmt":"2019-06-04T15:13:33","guid":{"rendered":"http:\/\/infamousdivision.com\/beta\/?page_id=467"},"modified":"2020-05-14T13:50:55","modified_gmt":"2020-05-14T13:50:55","slug":"politica-de-privacitat","status":"publish","type":"page","link":"https:\/\/infamousdivision.com\/ca\/politica-de-privacitat\/","title":{"rendered":"Pol\u00edtica de privacitat"},"content":{"rendered":"\n<header class=\"page-header\">\n<p><span style=\"font-weight: 400;\">Aquesta pol\u00edtica de privacitat estableix com Infamous Division utilitza i protegeix la informaci\u00f3 que ens proporciona quan utilitza aquest lloc web.<\/span><\/p>\n<p><span style=\"font-weight: 400;\">Infamous Division es compromet a garantir que la seva privacitat est\u00e0 protegida. Si li demanem que ens brindi certa informaci\u00f3 \u00e9s per poder identificar-lo al utilitzar aquest lloc web, pot estar segur que nom\u00e9s s&#8217;utilitzar\u00e0 d&#8217;acord amb aquesta declaraci\u00f3 de privacitat.<\/span><\/p>\n<p><span style=\"font-weight: 400;\">Infamous Division pot canviar aquesta pol\u00edtica de tant en tant a l&#8217;actualitzar aquesta p\u00e0gina. Ha de revisar aquesta p\u00e0gina de tant en tant per assegurar-se que est\u00e0 satisfet amb qualsevol canvi. Aquesta pol\u00edtica \u00e9s efectiva a partir de el 23 d&#8217;abril del 2019.<\/span><\/p>\n<p>\u00a0<\/p>\n<p><strong>El que recollim<\/strong><\/p>\n<p><span style=\"font-weight: 400;\">En Infamous Division ens comprometem a protegir la seva privacitat i nom\u00e9s recopilem informaci\u00f3 personal sobre vost\u00e8 de forma legal, de conformitat amb la Llei de Protecci\u00f3 de Dades de Espanya actual. Recopilem informaci\u00f3 personal sobre vost\u00e8 perqu\u00e8 puguem processar la seva comanda de manera efectiva i eficient i per oferir el millor servei possible. La informaci\u00f3 personal que recollim sobre vost\u00e8 quan compra amb nosaltres inclou:<\/span><\/p>\n<ul>\n<li style=\"font-weight: 400;\"><span style=\"font-weight: 400;\">El seu nom<\/span><\/li>\n<li style=\"font-weight: 400;\"><span style=\"font-weight: 400;\">Informaci\u00f3 de contacte incloent adre\u00e7a de correu electr\u00f2nic<\/span><\/li>\n<\/ul>\n<p>\u00a0<\/p>\n<p><strong>Qu\u00e8 fem amb la informaci\u00f3 que recopilem<\/strong><\/p>\n<p><span style=\"font-weight: 400;\">Necessitem aquesta informaci\u00f3 per comprendre les seves necessitats i oferir un millor servei, i en particular pels seg\u00fcents motius:<\/span><\/p>\n<ul>\n<li style=\"font-weight: 400;\"><span style=\"font-weight: 400;\">Manteniment de registres interns.<\/span><\/li>\n<li style=\"font-weight: 400;\"><span style=\"font-weight: 400;\">Podem utilitzar la informaci\u00f3 per millorar els nostres productes i serveis.<\/span><\/li>\n<li style=\"font-weight: 400;\"><span style=\"font-weight: 400;\">\u00c9s possible que peri\u00f2dicament enviem correus electr\u00f2nics promocionals sobre nous productes, ofertes especials o altra informaci\u00f3 que creiem que pugui ser interessant utilitzant l&#8217;adre\u00e7a de correu electr\u00f2nic que ens ha proporcionat.<\/span><\/li>\n<\/ul>\n<p>\u00a0<\/p>\n<p><strong>Seguretat<\/strong><\/p>\n<p><span style=\"font-weight: 400;\">Ens comprometem a garantir que la seva informaci\u00f3 estigui segura. Per evitar l&#8217;acc\u00e9s o la divulgaci\u00f3 no autoritzats, hem implementat procediments f\u00edsics, electr\u00f2nics i administratius adequats per salvaguardar i protegir la informaci\u00f3 que recopilem en l\u00ednia.<\/span><\/p>\n<p><span style=\"font-weight: 400;\">Les transaccions amb targeta de cr\u00e8dit \/ d\u00e8bit es processen a trav\u00e9s de servidors segurs. El seu navegador web encripta autom\u00e0ticament la seva informaci\u00f3 confidencial en tr\u00e0nsit des del seu ordinador al nostre servidor utilitzant el protocol Secure Socket Layer (SSL) amb una clau d&#8217;encriptaci\u00f3 de 128 bits (el nivell m\u00e9s alt disponible comercialment).<\/span><\/p>\n<p><span style=\"font-weight: 400;\">Abans que fins i tot es registri o entreu al nostre lloc, el nostre servidor comprova que utilitzeu un navegador aprovat, un que fa servir SSL 3.0 o superior. Quan la informaci\u00f3 ens arriba, resideix en un servidor que est\u00e0 fortament protegit tant f\u00edsica com electr\u00f2nicament. No obstant aix\u00f2, mai emmagatzemem les dades de la targeta de cr\u00e8dit o d\u00e8bit.<\/span><\/p>\n<p><span style=\"font-weight: 400;\">\u00a0<\/span><\/p>\n<p><strong>Com utilitzem les galetes<\/strong><\/p>\n<p><span style=\"font-weight: 400;\">Una galeta \u00e9s un fitxer petit que sol\u00b7licita perm\u00eds per ser col\u00b7locat en el disc dur del seu ordinador. L&#8217;arxiu s&#8217;afegeix i la galeta ajuda a analitzar el tr\u00e0nsit web o li permet saber quan visita un lloc en particular. Les cookies permeten que les aplicacions web responguin com un individu. L&#8217;aplicaci\u00f3 web pot adaptar les seves operacions a les seves necessitats, gustos i en recopilar i recordar informaci\u00f3 sobre les seves prefer\u00e8ncies.<\/span><\/p>\n<p><span style=\"font-weight: 400;\">Utilitzem cookies de registre de tr\u00e0nsit per identificar quines p\u00e0gines s&#8217;estan utilitzant. Aix\u00f2 ens ajuda a analitzar les dades sobre el tr\u00e0nsit de la p\u00e0gina web i millorar el nostre lloc web per adaptar-lo a les necessitats del client. Nom\u00e9s utilitzem aquesta informaci\u00f3 per a fins d&#8217;an\u00e0lisi estad\u00edstica i despr\u00e9s les dades s&#8217;eliminen del sistema. Utilitzem &#8220;cookies&#8221;, que s&#8217;emmagatzemar\u00e0n al teu navegador per ajudar a facilitar el carret de compres en l\u00ednia.<\/span><\/p>\n<p><span style=\"font-weight: 400;\">En general, les galetes ens ajuden a oferir un millor lloc web, al permetre&#8217;ns controlar quines p\u00e0gines li resulten \u00fatils i quins no. Una galeta de cap manera ens d\u00f3na acc\u00e9s al seu ordinador ni a cap informaci\u00f3 sobre vost\u00e8, a part de les dades que tri\u00ef compartir amb nosaltres.<\/span><\/p>\n<p><span style=\"font-weight: 400;\">Pot optar per acceptar o rebutjar les galetes. La majoria dels navegadors web accepten galetes autom\u00e0ticament, per\u00f2 normalment pot modificar la configuraci\u00f3 del seu navegador per refusar galetes si ho prefereix. Aix\u00f2 pot evitar que aprofiti al m\u00e0xim el lloc web.<\/span><\/p>\n<h1 class=\"h1 page-title\">\u00a0<\/h1>\n<p><strong>Enlla\u00e7os a altres llocs web<\/strong><\/p>\n<p><span style=\"font-weight: 400;\">El nostre lloc web pot contenir enlla\u00e7os a altres llocs d&#8217;inter\u00e8s. No obstant aix\u00f2, una vegada que hagi utilitzat aquests enlla\u00e7os per abandonar el nostre lloc, ha de tenir en compte que no tenim cap control sobre aquest altre lloc web. Per tant, no podem ser responsables de la protecci\u00f3 i privacitat de la informaci\u00f3 que proporcioni al visitar aquests llocs, i aquests llocs no es regeixen per aquesta declaraci\u00f3 de privacitat. Ha de tenir cura i consultar la declaraci\u00f3 de privacitat aplicable a la p\u00e0gina web en q\u00fcesti\u00f3.<\/span><\/p>\n<p><span style=\"font-weight: 400;\">\u00a0<\/span><\/p>\n<p><strong>Control de la seva informaci\u00f3 personal<\/strong><\/p>\n<p><span style=\"font-weight: 400;\">Pot optar per restringir la recopilaci\u00f3 o l&#8217;\u00fas de la seva informaci\u00f3 personal de la seg\u00fcent manera:<\/span><\/p>\n<ul>\n<li style=\"font-weight: 400;\"><span style=\"font-weight: 400;\">Si anteriorment va acceptar que f\u00e9ssim servir la seva informaci\u00f3 personal amb fins de m\u00e0rqueting directe, pot canviar d&#8217;opini\u00f3 en qualsevol moment escrivint-o enviant-nos un correu electr\u00f2nic a info@infamousdivision.com.<\/span><\/li>\n<\/ul>\n<p>\u00a0<\/p>\n<p><span style=\"font-weight: 400;\">Sempre ens esforcem per protegir la seva informaci\u00f3 personal de l&#8217;acc\u00e9s no autoritzat. Mai emmagatzemem les dades de la targeta de cr\u00e8dit o d\u00e8bit. No vendrem, distribuirem ni cedirem la seva informaci\u00f3 personal a tercers tret que tinguem el seu perm\u00eds o la llei ens exigeixi fer-ho. Podem utilitzar la seva informaci\u00f3 personal per enviar-li informaci\u00f3 promocional sobre tercers que creiem que pot ser interessant si ens diu que desitja que aix\u00f2 passi.<\/span><\/p>\n<p>\u00a0<\/p>\n<p><span style=\"font-weight: 400;\">Sempre mantindrem la informaci\u00f3 que emmagatzemem sobre vost\u00e8 actualitzada i precisa. Si creu que qualsevol informaci\u00f3 que tenim sobre vost\u00e8 \u00e9s incorrecta o est\u00e0 incompleta, escriu-nos o envieu-nos un correu electr\u00f2nic com m\u00e9s aviat millor, a l&#8217;adre\u00e7a que figura a dalt. Corregirem r\u00e0pidament qualsevol informaci\u00f3 que sigui incorrecta.<br \/><br \/><br \/>INFAMOUS DIVISION<br \/>2020<\/span><\/p>\n<\/header>\n\n","protected":false},"excerpt":{"rendered":"<p>Aquesta pol\u00edtica de privacitat estableix com Infamous Division utilitza i protegeix la informaci\u00f3 que ens proporciona quan utilitza aquest lloc web. Infamous Division es compromet a garantir que la seva privacitat est\u00e0 protegida. Si li demanem que ens brindi certa informaci\u00f3 \u00e9s per poder identificar-lo al utilitzar aquest lloc web, pot estar segur que nom\u00e9s [&#8230;]\n","protected":false},"author":1,"featured_media":0,"parent":0,"menu_order":0,"comment_status":"closed","ping_status":"closed","template":"page-blank-title-center.php","meta":{"footnotes":""},"class_list":["post-467","page","type-page","status-publish","hentry"],"yoast_head":"<!-- This site is optimized with the Yoast SEO plugin v27.4 - https:\/\/yoast.com\/product\/yoast-seo-wordpress\/ -->\n<title>Pol\u00edtica de privacitat - Infamous Division<\/title>\n<meta name=\"robots\" content=\"index, follow, max-snippet:-1, max-image-preview:large, max-video-preview:-1\" \/>\n<link rel=\"canonical\" href=\"https:\/\/infamousdivision.com\/ca\/politica-de-privacitat\/\" \/>\n<meta property=\"og:locale\" content=\"ca_ES\" \/>\n<meta property=\"og:type\" content=\"article\" \/>\n<meta property=\"og:title\" content=\"Pol\u00edtica de privacitat - Infamous Division\" \/>\n<meta property=\"og:description\" content=\"Aquesta pol\u00edtica de privacitat estableix com Infamous Division utilitza i protegeix la informaci\u00f3 que ens proporciona quan utilitza aquest lloc web. Infamous Division es compromet a garantir que la seva privacitat est\u00e0 protegida. Si li demanem que ens brindi certa informaci\u00f3 \u00e9s per poder identificar-lo al utilitzar aquest lloc web, pot estar segur que nom\u00e9s [...]\" \/>\n<meta property=\"og:url\" content=\"https:\/\/infamousdivision.com\/ca\/politica-de-privacitat\/\" \/>\n<meta property=\"og:site_name\" content=\"Infamous Division\" \/>\n<meta property=\"article:publisher\" content=\"https:\/\/www.facebook.com\/infamousdivisionbcn\" \/>\n<meta property=\"article:modified_time\" content=\"2020-05-14T13:50:55+00:00\" \/>\n<meta name=\"twitter:card\" content=\"summary_large_image\" \/>\n<script type=\"application\/ld+json\" class=\"yoast-schema-graph\">{\"@context\":\"https:\\\/\\\/schema.org\",\"@graph\":[{\"@type\":\"WebPage\",\"@id\":\"https:\\\/\\\/infamousdivision.com\\\/ca\\\/politica-de-privacitat\\\/\",\"url\":\"https:\\\/\\\/infamousdivision.com\\\/ca\\\/politica-de-privacitat\\\/\",\"name\":\"Pol\u00edtica de privacitat - Infamous Division\",\"isPartOf\":{\"@id\":\"https:\\\/\\\/infamousdivision.com\\\/ca\\\/#website\"},\"datePublished\":\"2019-06-04T15:13:33+00:00\",\"dateModified\":\"2020-05-14T13:50:55+00:00\",\"breadcrumb\":{\"@id\":\"https:\\\/\\\/infamousdivision.com\\\/ca\\\/politica-de-privacitat\\\/#breadcrumb\"},\"inLanguage\":\"ca\",\"potentialAction\":[{\"@type\":\"ReadAction\",\"target\":[\"https:\\\/\\\/infamousdivision.com\\\/ca\\\/politica-de-privacitat\\\/\"]}]},{\"@type\":\"BreadcrumbList\",\"@id\":\"https:\\\/\\\/infamousdivision.com\\\/ca\\\/politica-de-privacitat\\\/#breadcrumb\",\"itemListElement\":[{\"@type\":\"ListItem\",\"position\":1,\"name\":\"Portada\",\"item\":\"https:\\\/\\\/infamousdivision.com\\\/ca\\\/\"},{\"@type\":\"ListItem\",\"position\":2,\"name\":\"Pol\u00edtica de privacitat\"}]},{\"@type\":\"WebSite\",\"@id\":\"https:\\\/\\\/infamousdivision.com\\\/ca\\\/#website\",\"url\":\"https:\\\/\\\/infamousdivision.com\\\/ca\\\/\",\"name\":\"Infamous Division\",\"description\":\"Tienda de ropa casual. Creada en Barcelona. Nueva tienda anti racista ambientada en el f\u00fatbol.\",\"publisher\":{\"@id\":\"https:\\\/\\\/infamousdivision.com\\\/ca\\\/#organization\"},\"potentialAction\":[{\"@type\":\"SearchAction\",\"target\":{\"@type\":\"EntryPoint\",\"urlTemplate\":\"https:\\\/\\\/infamousdivision.com\\\/ca\\\/?s={search_term_string}\"},\"query-input\":{\"@type\":\"PropertyValueSpecification\",\"valueRequired\":true,\"valueName\":\"search_term_string\"}}],\"inLanguage\":\"ca\"},{\"@type\":\"Organization\",\"@id\":\"https:\\\/\\\/infamousdivision.com\\\/ca\\\/#organization\",\"name\":\"Infamous Division\",\"url\":\"https:\\\/\\\/infamousdivision.com\\\/ca\\\/\",\"logo\":{\"@type\":\"ImageObject\",\"inLanguage\":\"ca\",\"@id\":\"https:\\\/\\\/infamousdivision.com\\\/ca\\\/#\\\/schema\\\/logo\\\/image\\\/\",\"url\":\"http:\\\/\\\/infamousdivision.com\\\/wp-content\\\/uploads\\\/2019\\\/06\\\/logo_net_classic_1080.jpg\",\"contentUrl\":\"http:\\\/\\\/infamousdivision.com\\\/wp-content\\\/uploads\\\/2019\\\/06\\\/logo_net_classic_1080.jpg\",\"width\":1080,\"height\":1080,\"caption\":\"Infamous Division\"},\"image\":{\"@id\":\"https:\\\/\\\/infamousdivision.com\\\/ca\\\/#\\\/schema\\\/logo\\\/image\\\/\"},\"sameAs\":[\"https:\\\/\\\/www.facebook.com\\\/infamousdivisionbcn\",\"https:\\\/\\\/www.instagram.com\\\/infamousdivision\\\/\"]}]}<\/script>\n<!-- \/ Yoast SEO plugin. -->","yoast_head_json":{"title":"Pol\u00edtica de privacitat - Infamous Division","robots":{"index":"index","follow":"follow","max-snippet":"max-snippet:-1","max-image-preview":"max-image-preview:large","max-video-preview":"max-video-preview:-1"},"canonical":"https:\/\/infamousdivision.com\/ca\/politica-de-privacitat\/","og_locale":"ca_ES","og_type":"article","og_title":"Pol\u00edtica de privacitat - Infamous Division","og_description":"Aquesta pol\u00edtica de privacitat estableix com Infamous Division utilitza i protegeix la informaci\u00f3 que ens proporciona quan utilitza aquest lloc web. Infamous Division es compromet a garantir que la seva privacitat est\u00e0 protegida. Si li demanem que ens brindi certa informaci\u00f3 \u00e9s per poder identificar-lo al utilitzar aquest lloc web, pot estar segur que nom\u00e9s [...]","og_url":"https:\/\/infamousdivision.com\/ca\/politica-de-privacitat\/","og_site_name":"Infamous Division","article_publisher":"https:\/\/www.facebook.com\/infamousdivisionbcn","article_modified_time":"2020-05-14T13:50:55+00:00","twitter_card":"summary_large_image","schema":{"@context":"https:\/\/schema.org","@graph":[{"@type":"WebPage","@id":"https:\/\/infamousdivision.com\/ca\/politica-de-privacitat\/","url":"https:\/\/infamousdivision.com\/ca\/politica-de-privacitat\/","name":"Pol\u00edtica de privacitat - Infamous Division","isPartOf":{"@id":"https:\/\/infamousdivision.com\/ca\/#website"},"datePublished":"2019-06-04T15:13:33+00:00","dateModified":"2020-05-14T13:50:55+00:00","breadcrumb":{"@id":"https:\/\/infamousdivision.com\/ca\/politica-de-privacitat\/#breadcrumb"},"inLanguage":"ca","potentialAction":[{"@type":"ReadAction","target":["https:\/\/infamousdivision.com\/ca\/politica-de-privacitat\/"]}]},{"@type":"BreadcrumbList","@id":"https:\/\/infamousdivision.com\/ca\/politica-de-privacitat\/#breadcrumb","itemListElement":[{"@type":"ListItem","position":1,"name":"Portada","item":"https:\/\/infamousdivision.com\/ca\/"},{"@type":"ListItem","position":2,"name":"Pol\u00edtica de privacitat"}]},{"@type":"WebSite","@id":"https:\/\/infamousdivision.com\/ca\/#website","url":"https:\/\/infamousdivision.com\/ca\/","name":"Infamous Division","description":"Tienda de ropa casual. Creada en Barcelona. Nueva tienda anti racista ambientada en el f\u00fatbol.","publisher":{"@id":"https:\/\/infamousdivision.com\/ca\/#organization"},"potentialAction":[{"@type":"SearchAction","target":{"@type":"EntryPoint","urlTemplate":"https:\/\/infamousdivision.com\/ca\/?s={search_term_string}"},"query-input":{"@type":"PropertyValueSpecification","valueRequired":true,"valueName":"search_term_string"}}],"inLanguage":"ca"},{"@type":"Organization","@id":"https:\/\/infamousdivision.com\/ca\/#organization","name":"Infamous Division","url":"https:\/\/infamousdivision.com\/ca\/","logo":{"@type":"ImageObject","inLanguage":"ca","@id":"https:\/\/infamousdivision.com\/ca\/#\/schema\/logo\/image\/","url":"http:\/\/infamousdivision.com\/wp-content\/uploads\/2019\/06\/logo_net_classic_1080.jpg","contentUrl":"http:\/\/infamousdivision.com\/wp-content\/uploads\/2019\/06\/logo_net_classic_1080.jpg","width":1080,"height":1080,"caption":"Infamous Division"},"image":{"@id":"https:\/\/infamousdivision.com\/ca\/#\/schema\/logo\/image\/"},"sameAs":["https:\/\/www.facebook.com\/infamousdivisionbcn","https:\/\/www.instagram.com\/infamousdivision\/"]}]}},"_links":{"self":[{"href":"https:\/\/infamousdivision.com\/ca\/wp-json\/wp\/v2\/pages\/467","targetHints":{"allow":["GET"]}}],"collection":[{"href":"https:\/\/infamousdivision.com\/ca\/wp-json\/wp\/v2\/pages"}],"about":[{"href":"https:\/\/infamousdivision.com\/ca\/wp-json\/wp\/v2\/types\/page"}],"author":[{"embeddable":true,"href":"https:\/\/infamousdivision.com\/ca\/wp-json\/wp\/v2\/users\/1"}],"replies":[{"embeddable":true,"href":"https:\/\/infamousdivision.com\/ca\/wp-json\/wp\/v2\/comments?post=467"}],"version-history":[{"count":0,"href":"https:\/\/infamousdivision.com\/ca\/wp-json\/wp\/v2\/pages\/467\/revisions"}],"wp:attachment":[{"href":"https:\/\/infamousdivision.com\/ca\/wp-json\/wp\/v2\/media?parent=467"}],"curies":[{"name":"wp","href":"https:\/\/api.w.org\/{rel}","templated":true}]}}