{"id":849,"date":"2020-01-14T18:27:10","date_gmt":"2020-01-14T18:27:10","guid":{"rendered":"http:\/\/infamousdivision.com\/?page_id=849"},"modified":"2020-05-13T18:51:50","modified_gmt":"2020-05-13T18:51:50","slug":"contacte","status":"publish","type":"page","link":"https:\/\/infamousdivision.com\/ca\/contacte\/","title":{"rendered":"Contacte"},"content":{"rendered":"\n  <div id=\"page-header-362110424\" class=\"page-header-wrapper\">\n  <div class=\"page-title dark featured-title\">\n\n        <div class=\"page-title-bg\">\n      <div class=\"title-bg fill bg-fill\"\n        data-parallax-container=\".page-title\"\n        data-parallax-background\n        data-parallax=\"-\">\n      <\/div>\n      <div class=\"title-overlay fill\"><\/div>\n    <\/div>\n    \n    <div class=\"page-title-inner container align-center text-center flex-row-col medium-flex-wrap\" >\n              <div class=\"title-wrapper flex-col\">\n          <h1 class=\"entry-title mb-0\">\n            Contacte          <\/h1>\n        <\/div>\n                    <div class=\"title-content flex-col\">\n        <div class=\"title-breadcrumbs pb-half pt-half\"><nav class=\"woocommerce-breadcrumb breadcrumbs uppercase\">Inici<\/nav><\/div>      <\/div>\n    <\/div>\n\n     \n<style>\n#page-header-362110424 .page-title-inner {\n  min-height: 300px;\n}\n#page-header-362110424 {\n  margin-bottom: 70px;\n}\n#page-header-362110424 .title-bg {\n  background-image: url(https:\/\/infamousdivision.com\/wp-content\/uploads\/2020\/05\/slider_infamous_contacto.jpg);\n}\n<\/style>\n  <\/div>\n    <\/div>\n  \n\n<div class=\"row\"  id=\"row-1670505135\">\n\n\n\t<div id=\"col-736337411\" class=\"col medium-6 large-6\"  >\n\t\t\t\t<div class=\"col-inner\"  >\n\t\t\t\n\t\t\t\n\n<div class=\"container section-title-container\" ><h3 class=\"section-title section-title-normal\"><b><\/b><span class=\"section-title-main\" >Preguntes freq\u00fcents<\/span><b><\/b><\/h3><\/div>\n\n<p class=\"lead\"> Si us plau llegiu les nostres <a href=\"http:\/\/infamousdivision.com\/ca\/contacte\/\">preguntes freq\u00fcents<\/a> abans d&#8217;enviar-nos un missatge.<\/p>\n<div class=\"accordion\">\n\n\t<div id=\"accordion-3548502170\" class=\"accordion-item\">\n\t\t<a id=\"accordion-3548502170-label\" class=\"accordion-title plain\" href=\"#accordion-item-s\u00f3n-els-preus-de-la-botiga-els-imports-finals?\" aria-expanded=\"false\" aria-controls=\"accordion-3548502170-content\" >\n\t\t\t<button class=\"toggle\" aria-label=\"Toggle\"><i class=\"icon-angle-down\"><\/i><\/button>\n\t\t\t<span>S\u00f3n els preus de la botiga els imports finals?<\/span>\n\t\t<\/a>\n\t\t<div id=\"accordion-3548502170-content\" class=\"accordion-inner\" aria-labelledby=\"accordion-3548502170-label\" >\n\t\t\t\n\n<p>El preu dels productes indicats a la botiga online s\u00f3n en euros (\u20ac), i cal sumar-li les<a href=\"http:\/\/infamousdivision.com\/ca\/enviaments-i-devolucions\/\"> despeses d&#8217;enviament<\/a>.<\/p>\n\n\t\t<\/div>\n\t<\/div>\n\t\n\t<div id=\"accordion-710861587\" class=\"accordion-item\">\n\t\t<a id=\"accordion-710861587-label\" class=\"accordion-title plain\" href=\"#accordion-item-qu\u00e8-faig-si-vull-tornar-un-producte?\" aria-expanded=\"false\" aria-controls=\"accordion-710861587-content\" >\n\t\t\t<button class=\"toggle\" aria-label=\"Toggle\"><i class=\"icon-angle-down\"><\/i><\/button>\n\t\t\t<span>Qu\u00e8 faig si vull tornar un producte?<\/span>\n\t\t<\/a>\n\t\t<div id=\"accordion-710861587-content\" class=\"accordion-inner\" aria-labelledby=\"accordion-710861587-label\" >\n\t\t\t\n\n<p>Per a canvis o devolucions contacta&#8217;ns via mail a info@infamousdivision.com o el formulari d&#8217;aquesta p\u00e0gina. Pots tornar els nostres productes en el termini de 14 dies a partir de la recepci\u00f3 de l&#8217;enviament (sempre que el producte no estigui utilitzat). <\/p>\n<p> A sota de la fixa dels productes hi ha un quadre amb les mides de les talles. Si el canvi es deu al fet que la mida no li va b\u00e9, ja que les mesures estan indicades a la web, les despeses de l&#8217;enviament de tornada i el nou enviament van a c\u00e0rrec de client. Si el canvi \u00e9s per un error nostre o per algun defecte en el producte, nosaltres assumim totes despeses. <\/p>\n<p> No es canviar\u00e0 cap producte que hagi estat utilitzat o amb algun desperfecte causat pel client (com roba que s&#8217;hagi rentat o utilitzat). <\/p>\n\n\t\t<\/div>\n\t<\/div>\n\t\n\t<div id=\"accordion-3603916086\" class=\"accordion-item\">\n\t\t<a id=\"accordion-3603916086-label\" class=\"accordion-title plain\" href=\"#accordion-item-quan-arribar\u00e0-la-meva-comanda?\" aria-expanded=\"false\" aria-controls=\"accordion-3603916086-content\" >\n\t\t\t<button class=\"toggle\" aria-label=\"Toggle\"><i class=\"icon-angle-down\"><\/i><\/button>\n\t\t\t<span>Quan arribar\u00e0 la meva comanda?<\/span>\n\t\t<\/a>\n\t\t<div id=\"accordion-3603916086-content\" class=\"accordion-inner\" aria-labelledby=\"accordion-3603916086-label\" >\n\t\t\t\n\n<p> Els enviaments es realitzen a trav\u00e9s de l&#8217;empresa CORREUS. Les comandes s&#8217;envien els dies feiners per missatgeria. Rebr\u00e0 un correu de confirmaci\u00f3 quan la seva comanda hagi estat enviat. El temps d&#8217;enviament dep\u00e8n de l&#8217;empresa externa per\u00f2 sol ser d&#8217;entre 3 i 7 dies per enviaments a la Pen\u00ednsula Ib\u00e8rica, Balears i Can\u00e0ries, i entre 7 i 25 dies per a enviaments en l&#8217;\u00e0mbit europeu. <\/p>\n\n\t\t<\/div>\n\t<\/div>\n\t\n\t<div id=\"accordion-1780386820\" class=\"accordion-item\">\n\t\t<a id=\"accordion-1780386820-label\" class=\"accordion-title plain\" href=\"#accordion-item-com-s\u00e9-que-la-meva-comanda-s&#039;ha-realitzat-correctament?\" aria-expanded=\"false\" aria-controls=\"accordion-1780386820-content\" >\n\t\t\t<button class=\"toggle\" aria-label=\"Toggle\"><i class=\"icon-angle-down\"><\/i><\/button>\n\t\t\t<span>Com s\u00e9 que la meva comanda s'ha realitzat correctament?<\/span>\n\t\t<\/a>\n\t\t<div id=\"accordion-1780386820-content\" class=\"accordion-inner\" aria-labelledby=\"accordion-1780386820-label\" >\n\t\t\t\n\n<p>Un cop finalitzada la compra rebr\u00e0s un missatge electr\u00f2nic al correu que ens has facilitat per confirmar el rebut de la teva comanda. Si aquest no \u00e9s el cas, revisa la teva carpeta de correus no desitjats o posa&#8217;t en contacte amb nosaltres.<\/p>\n\n\t\t<\/div>\n\t<\/div>\n\t\n\t<div id=\"accordion-929415112\" class=\"accordion-item\">\n\t\t<a id=\"accordion-929415112-label\" class=\"accordion-title plain\" href=\"#accordion-item-rebr\u00e9-correu-spam-si-compro-un-producte?\" aria-expanded=\"false\" aria-controls=\"accordion-929415112-content\" >\n\t\t\t<button class=\"toggle\" aria-label=\"Toggle\"><i class=\"icon-angle-down\"><\/i><\/button>\n\t\t\t<span>Rebr\u00e9 correu SPAM si compro un producte?<\/span>\n\t\t<\/a>\n\t\t<div id=\"accordion-929415112-content\" class=\"accordion-inner\" aria-labelledby=\"accordion-929415112-label\" >\n\t\t\t\n\n<p>No, nom\u00e9s s&#8217;enviaran ofertes i novetats via mail si ens ho indiques en el formulari de compra, o si et subscrius al nostre newsletter. <\/p>\n\n\t\t<\/div>\n\t<\/div>\n\t\n\t<div id=\"accordion-3871868205\" class=\"accordion-item\">\n\t\t<a id=\"accordion-3871868205-label\" class=\"accordion-title plain\" href=\"#accordion-item-com-puc-pagar-la-meva-comanda?\" aria-expanded=\"false\" aria-controls=\"accordion-3871868205-content\" >\n\t\t\t<button class=\"toggle\" aria-label=\"Toggle\"><i class=\"icon-angle-down\"><\/i><\/button>\n\t\t\t<span>Com puc pagar la meva comanda?<\/span>\n\t\t<\/a>\n\t\t<div id=\"accordion-3871868205-content\" class=\"accordion-inner\" aria-labelledby=\"accordion-3871868205-label\" >\n\t\t\t\n\n<p>Pots pagar amb targeta de cr\u00e8dit o d\u00e8bit, transfer\u00e8ncia banc\u00e0ria o pel sistema PayPal.<\/p>\n\n\t\t<\/div>\n\t<\/div>\n\t\n\n<\/div>\n\t<div id=\"gap-449564934\" class=\"gap-element clearfix\" style=\"display:block; height:auto;\">\n\t\t\n<style>\n#gap-449564934 {\n  padding-top: 30px;\n}\n<\/style>\n\t<\/div>\n\t\n\n<a href=\"http:\/\/infamousdivision.com\/ca\/faq\/\" class=\"button primary\"  >\n    <span>veure  TOTES<\/span>\n  <\/a>\n\n\n\n\t\t<\/div>\n\t\t\t\t\t<\/div>\n\n\t\n\n\t<div id=\"col-1028378285\" class=\"col medium-6 large-6\"  >\n\t\t\t\t<div class=\"col-inner\"  >\n\t\t\t\n\t\t\t\n\n<div class=\"container section-title-container\" ><h3 class=\"section-title section-title-normal\"><b><\/b><span class=\"section-title-main\" >Contacta amb nosaltres<\/span><b><\/b><\/h3><\/div>\n\n\n<div class=\"wpcf7 no-js\" id=\"wpcf7-f15-o1\" lang=\"en-US\" dir=\"ltr\" data-wpcf7-id=\"15\">\n<div class=\"screen-reader-response\"><p role=\"status\" aria-live=\"polite\" aria-atomic=\"true\"><\/p> <ul><\/ul><\/div>\n<form action=\"\/ca\/wp-json\/wp\/v2\/pages\/849#wpcf7-f15-o1\" method=\"post\" class=\"wpcf7-form init\" aria-label=\"Contact form\" novalidate=\"novalidate\" data-status=\"init\">\n<fieldset class=\"hidden-fields-container\"><input type=\"hidden\" name=\"_wpcf7\" value=\"15\" \/><input type=\"hidden\" name=\"_wpcf7_version\" value=\"6.1.5\" \/><input type=\"hidden\" name=\"_wpcf7_locale\" value=\"en_US\" \/><input type=\"hidden\" name=\"_wpcf7_unit_tag\" value=\"wpcf7-f15-o1\" \/><input type=\"hidden\" name=\"_wpcf7_container_post\" value=\"0\" \/><input type=\"hidden\" name=\"_wpcf7_posted_data_hash\" value=\"\" \/><input type=\"hidden\" name=\"_wpcf7_recaptcha_response\" value=\"\" \/>\n<\/fieldset>\n<p><label>Nombre<\/label><br \/>\n<span class=\"wpcf7-form-control-wrap\" data-name=\"your-name\"><input size=\"40\" maxlength=\"400\" class=\"wpcf7-form-control wpcf7-text wpcf7-validates-as-required\" aria-required=\"true\" aria-invalid=\"false\" value=\"\" type=\"text\" name=\"your-name\" \/><\/span>\n<\/p>\n<p><label>Email<\/label><br \/>\n<span class=\"wpcf7-form-control-wrap\" data-name=\"your-email\"><input size=\"40\" maxlength=\"400\" class=\"wpcf7-form-control wpcf7-email wpcf7-validates-as-required wpcf7-text wpcf7-validates-as-email\" aria-required=\"true\" aria-invalid=\"false\" value=\"\" type=\"email\" name=\"your-email\" \/><\/span>\n<\/p>\n<p><span id=\"wpcf7-69ddf2c1da3ad-wrapper\" class=\"wpcf7-form-control-wrap rata-wrap\" style=\"display:none !important; visibility:hidden !important;\"><label for=\"wpcf7-69ddf2c1da3ad-field\" class=\"hp-message\">Please leave this field empty.<\/label><input id=\"wpcf7-69ddf2c1da3ad-field\"  class=\"wpcf7-form-control wpcf7-text\" type=\"text\" name=\"rata\" value=\"\" size=\"40\" tabindex=\"-1\" autocomplete=\"new-password\" \/><\/span>\n<\/p>\n<p><label>Mensaje<\/label><br \/>\n<span class=\"wpcf7-form-control-wrap\" data-name=\"your-message\"><textarea cols=\"40\" rows=\"10\" maxlength=\"2000\" class=\"wpcf7-form-control wpcf7-textarea\" aria-invalid=\"false\" name=\"your-message\"><\/textarea><\/span>\n<\/p>\n\n<p><input class=\"wpcf7-form-control wpcf7-submit has-spinner button\" type=\"submit\" value=\"Enviar\" \/>\n<\/p><div class=\"wpcf7-response-output\" aria-hidden=\"true\"><\/div>\n<\/form>\n<\/div>\n\n\n\n\t\t<\/div>\n\t\t\t\t\t<\/div>\n\n\t\n\n<\/div>\n<p>&nbsp;<\/p>\n\n","protected":false},"excerpt":{"rendered":"<p>&nbsp;<\/p>\n","protected":false},"author":1,"featured_media":1094,"parent":0,"menu_order":0,"comment_status":"closed","ping_status":"closed","template":"page-blank.php","meta":{"footnotes":""},"class_list":["post-849","page","type-page","status-publish","has-post-thumbnail","hentry"],"yoast_head":"<!-- This site is optimized with the Yoast SEO plugin v27.3 - https:\/\/yoast.com\/product\/yoast-seo-wordpress\/ -->\n<title>Contacte - Infamous Division<\/title>\n<meta name=\"robots\" content=\"index, follow, max-snippet:-1, max-image-preview:large, max-video-preview:-1\" \/>\n<link rel=\"canonical\" href=\"https:\/\/infamousdivision.com\/ca\/contacte\/\" \/>\n<meta property=\"og:locale\" content=\"ca_ES\" \/>\n<meta property=\"og:type\" content=\"article\" \/>\n<meta property=\"og:title\" content=\"Contacte - Infamous Division\" \/>\n<meta property=\"og:description\" content=\"&nbsp;\" \/>\n<meta property=\"og:url\" content=\"https:\/\/infamousdivision.com\/ca\/contacte\/\" \/>\n<meta property=\"og:site_name\" content=\"Infamous Division\" \/>\n<meta property=\"article:publisher\" content=\"https:\/\/www.facebook.com\/infamousdivisionbcn\" \/>\n<meta property=\"article:modified_time\" content=\"2020-05-13T18:51:50+00:00\" \/>\n<meta property=\"og:image\" content=\"https:\/\/infamousdivision.com\/wp-content\/uploads\/2020\/05\/slider_infamous_contacto.jpg\" \/>\n\t<meta property=\"og:image:width\" content=\"1200\" \/>\n\t<meta property=\"og:image:height\" content=\"300\" \/>\n\t<meta property=\"og:image:type\" content=\"image\/jpeg\" \/>\n<meta name=\"twitter:card\" content=\"summary_large_image\" \/>\n<script type=\"application\/ld+json\" class=\"yoast-schema-graph\">{\"@context\":\"https:\\\/\\\/schema.org\",\"@graph\":[{\"@type\":\"WebPage\",\"@id\":\"https:\\\/\\\/infamousdivision.com\\\/ca\\\/contacte\\\/\",\"url\":\"https:\\\/\\\/infamousdivision.com\\\/ca\\\/contacte\\\/\",\"name\":\"Contacte - Infamous Division\",\"isPartOf\":{\"@id\":\"https:\\\/\\\/infamousdivision.com\\\/ca\\\/#website\"},\"primaryImageOfPage\":{\"@id\":\"https:\\\/\\\/infamousdivision.com\\\/ca\\\/contacte\\\/#primaryimage\"},\"image\":{\"@id\":\"https:\\\/\\\/infamousdivision.com\\\/ca\\\/contacte\\\/#primaryimage\"},\"thumbnailUrl\":\"https:\\\/\\\/infamousdivision.com\\\/wp-content\\\/uploads\\\/2020\\\/05\\\/slider_infamous_contacto.jpg\",\"datePublished\":\"2020-01-14T18:27:10+00:00\",\"dateModified\":\"2020-05-13T18:51:50+00:00\",\"breadcrumb\":{\"@id\":\"https:\\\/\\\/infamousdivision.com\\\/ca\\\/contacte\\\/#breadcrumb\"},\"inLanguage\":\"ca\",\"potentialAction\":[{\"@type\":\"ReadAction\",\"target\":[\"https:\\\/\\\/infamousdivision.com\\\/ca\\\/contacte\\\/\"]}]},{\"@type\":\"ImageObject\",\"inLanguage\":\"ca\",\"@id\":\"https:\\\/\\\/infamousdivision.com\\\/ca\\\/contacte\\\/#primaryimage\",\"url\":\"https:\\\/\\\/infamousdivision.com\\\/wp-content\\\/uploads\\\/2020\\\/05\\\/slider_infamous_contacto.jpg\",\"contentUrl\":\"https:\\\/\\\/infamousdivision.com\\\/wp-content\\\/uploads\\\/2020\\\/05\\\/slider_infamous_contacto.jpg\",\"width\":1200,\"height\":300},{\"@type\":\"BreadcrumbList\",\"@id\":\"https:\\\/\\\/infamousdivision.com\\\/ca\\\/contacte\\\/#breadcrumb\",\"itemListElement\":[{\"@type\":\"ListItem\",\"position\":1,\"name\":\"Portada\",\"item\":\"https:\\\/\\\/infamousdivision.com\\\/ca\\\/\"},{\"@type\":\"ListItem\",\"position\":2,\"name\":\"Contacte\"}]},{\"@type\":\"WebSite\",\"@id\":\"https:\\\/\\\/infamousdivision.com\\\/ca\\\/#website\",\"url\":\"https:\\\/\\\/infamousdivision.com\\\/ca\\\/\",\"name\":\"Infamous Division\",\"description\":\"Tienda de ropa casual. Creada en Barcelona. Nueva tienda anti racista ambientada en el f\u00fatbol.\",\"publisher\":{\"@id\":\"https:\\\/\\\/infamousdivision.com\\\/ca\\\/#organization\"},\"potentialAction\":[{\"@type\":\"SearchAction\",\"target\":{\"@type\":\"EntryPoint\",\"urlTemplate\":\"https:\\\/\\\/infamousdivision.com\\\/ca\\\/?s={search_term_string}\"},\"query-input\":{\"@type\":\"PropertyValueSpecification\",\"valueRequired\":true,\"valueName\":\"search_term_string\"}}],\"inLanguage\":\"ca\"},{\"@type\":\"Organization\",\"@id\":\"https:\\\/\\\/infamousdivision.com\\\/ca\\\/#organization\",\"name\":\"Infamous Division\",\"url\":\"https:\\\/\\\/infamousdivision.com\\\/ca\\\/\",\"logo\":{\"@type\":\"ImageObject\",\"inLanguage\":\"ca\",\"@id\":\"https:\\\/\\\/infamousdivision.com\\\/ca\\\/#\\\/schema\\\/logo\\\/image\\\/\",\"url\":\"http:\\\/\\\/infamousdivision.com\\\/wp-content\\\/uploads\\\/2019\\\/06\\\/logo_net_classic_1080.jpg\",\"contentUrl\":\"http:\\\/\\\/infamousdivision.com\\\/wp-content\\\/uploads\\\/2019\\\/06\\\/logo_net_classic_1080.jpg\",\"width\":1080,\"height\":1080,\"caption\":\"Infamous Division\"},\"image\":{\"@id\":\"https:\\\/\\\/infamousdivision.com\\\/ca\\\/#\\\/schema\\\/logo\\\/image\\\/\"},\"sameAs\":[\"https:\\\/\\\/www.facebook.com\\\/infamousdivisionbcn\",\"https:\\\/\\\/www.instagram.com\\\/infamousdivision\\\/\"]}]}<\/script>\n<!-- \/ Yoast SEO plugin. -->","yoast_head_json":{"title":"Contacte - Infamous Division","robots":{"index":"index","follow":"follow","max-snippet":"max-snippet:-1","max-image-preview":"max-image-preview:large","max-video-preview":"max-video-preview:-1"},"canonical":"https:\/\/infamousdivision.com\/ca\/contacte\/","og_locale":"ca_ES","og_type":"article","og_title":"Contacte - Infamous Division","og_description":"&nbsp;","og_url":"https:\/\/infamousdivision.com\/ca\/contacte\/","og_site_name":"Infamous Division","article_publisher":"https:\/\/www.facebook.com\/infamousdivisionbcn","article_modified_time":"2020-05-13T18:51:50+00:00","og_image":[{"width":1200,"height":300,"url":"https:\/\/infamousdivision.com\/wp-content\/uploads\/2020\/05\/slider_infamous_contacto.jpg","type":"image\/jpeg"}],"twitter_card":"summary_large_image","schema":{"@context":"https:\/\/schema.org","@graph":[{"@type":"WebPage","@id":"https:\/\/infamousdivision.com\/ca\/contacte\/","url":"https:\/\/infamousdivision.com\/ca\/contacte\/","name":"Contacte - Infamous Division","isPartOf":{"@id":"https:\/\/infamousdivision.com\/ca\/#website"},"primaryImageOfPage":{"@id":"https:\/\/infamousdivision.com\/ca\/contacte\/#primaryimage"},"image":{"@id":"https:\/\/infamousdivision.com\/ca\/contacte\/#primaryimage"},"thumbnailUrl":"https:\/\/infamousdivision.com\/wp-content\/uploads\/2020\/05\/slider_infamous_contacto.jpg","datePublished":"2020-01-14T18:27:10+00:00","dateModified":"2020-05-13T18:51:50+00:00","breadcrumb":{"@id":"https:\/\/infamousdivision.com\/ca\/contacte\/#breadcrumb"},"inLanguage":"ca","potentialAction":[{"@type":"ReadAction","target":["https:\/\/infamousdivision.com\/ca\/contacte\/"]}]},{"@type":"ImageObject","inLanguage":"ca","@id":"https:\/\/infamousdivision.com\/ca\/contacte\/#primaryimage","url":"https:\/\/infamousdivision.com\/wp-content\/uploads\/2020\/05\/slider_infamous_contacto.jpg","contentUrl":"https:\/\/infamousdivision.com\/wp-content\/uploads\/2020\/05\/slider_infamous_contacto.jpg","width":1200,"height":300},{"@type":"BreadcrumbList","@id":"https:\/\/infamousdivision.com\/ca\/contacte\/#breadcrumb","itemListElement":[{"@type":"ListItem","position":1,"name":"Portada","item":"https:\/\/infamousdivision.com\/ca\/"},{"@type":"ListItem","position":2,"name":"Contacte"}]},{"@type":"WebSite","@id":"https:\/\/infamousdivision.com\/ca\/#website","url":"https:\/\/infamousdivision.com\/ca\/","name":"Infamous Division","description":"Tienda de ropa casual. Creada en Barcelona. Nueva tienda anti racista ambientada en el f\u00fatbol.","publisher":{"@id":"https:\/\/infamousdivision.com\/ca\/#organization"},"potentialAction":[{"@type":"SearchAction","target":{"@type":"EntryPoint","urlTemplate":"https:\/\/infamousdivision.com\/ca\/?s={search_term_string}"},"query-input":{"@type":"PropertyValueSpecification","valueRequired":true,"valueName":"search_term_string"}}],"inLanguage":"ca"},{"@type":"Organization","@id":"https:\/\/infamousdivision.com\/ca\/#organization","name":"Infamous Division","url":"https:\/\/infamousdivision.com\/ca\/","logo":{"@type":"ImageObject","inLanguage":"ca","@id":"https:\/\/infamousdivision.com\/ca\/#\/schema\/logo\/image\/","url":"http:\/\/infamousdivision.com\/wp-content\/uploads\/2019\/06\/logo_net_classic_1080.jpg","contentUrl":"http:\/\/infamousdivision.com\/wp-content\/uploads\/2019\/06\/logo_net_classic_1080.jpg","width":1080,"height":1080,"caption":"Infamous Division"},"image":{"@id":"https:\/\/infamousdivision.com\/ca\/#\/schema\/logo\/image\/"},"sameAs":["https:\/\/www.facebook.com\/infamousdivisionbcn","https:\/\/www.instagram.com\/infamousdivision\/"]}]}},"_links":{"self":[{"href":"https:\/\/infamousdivision.com\/ca\/wp-json\/wp\/v2\/pages\/849","targetHints":{"allow":["GET"]}}],"collection":[{"href":"https:\/\/infamousdivision.com\/ca\/wp-json\/wp\/v2\/pages"}],"about":[{"href":"https:\/\/infamousdivision.com\/ca\/wp-json\/wp\/v2\/types\/page"}],"author":[{"embeddable":true,"href":"https:\/\/infamousdivision.com\/ca\/wp-json\/wp\/v2\/users\/1"}],"replies":[{"embeddable":true,"href":"https:\/\/infamousdivision.com\/ca\/wp-json\/wp\/v2\/comments?post=849"}],"version-history":[{"count":0,"href":"https:\/\/infamousdivision.com\/ca\/wp-json\/wp\/v2\/pages\/849\/revisions"}],"wp:featuredmedia":[{"embeddable":true,"href":"https:\/\/infamousdivision.com\/ca\/wp-json\/wp\/v2\/media\/1094"}],"wp:attachment":[{"href":"https:\/\/infamousdivision.com\/ca\/wp-json\/wp\/v2\/media?parent=849"}],"curies":[{"name":"wp","href":"https:\/\/api.w.org\/{rel}","templated":true}]}}