{"id":1306,"date":"2020-07-12T19:48:31","date_gmt":"2020-07-14T20:59:51","guid":{"rendered":"http:\/\/infamousdivision.com\/?post_type=product&#038;p=1306"},"modified":"2023-07-05T08:57:27","modified_gmt":"2023-07-05T07:57:27","slug":"banyador-classic-navy","status":"publish","type":"product","link":"https:\/\/infamousdivision.com\/ca\/producto\/banyador-classic-navy\/","title":{"rendered":"Banyador Classic Navy"},"content":{"rendered":"<div class=\"row\"  id=\"row-1707384187\">\n\n\t<div id=\"col-1447502060\" class=\"col medium-8 small-12 large-8\"  >\n\t\t\t\t<div class=\"col-inner\"  >\n\t\t\t\n\t\t\t\n<p>&nbsp;<\/p>\n<table id=\"tablePreview\" class=\"table\" style=\"font-size: 14.4px;\">\n<thead>\n<tr>\n<th>Talla<\/th>\n<th>S<\/th>\n<th>M<\/th>\n<th>L<\/th>\n<th>XL<\/th>\n<\/tr>\n<\/thead>\n<tbody>\n<tr>\n<th scope=\"row\">\u2192 Ample<\/th>\n<td>35 cm<\/td>\n<td>37 cm<\/td>\n<td>39 cm<\/td>\n<td>41 cm<\/td>\n<\/tr>\n<tr>\n<th scope=\"row\">\u2193 Llarg<\/th>\n<td>36 cm<\/td>\n<td>37,5 cm<\/td>\n<td>39 cm<\/td>\n<td>40,5 cm<\/td>\n<\/tr>\n<\/tbody>\n<\/table>\n<p>&nbsp;<\/p>\n<p>&nbsp;<\/p>\n\t\t<\/div>\n\t\t\t\t\t<\/div>\n\n\t\n\n\t<div id=\"col-64375294\" class=\"col medium-4 small-12 large-4 tip-top\" title=\"Comproba les mesures\" >\n\t\t\t\t<div class=\"col-inner text-center\"  >\n\t\t\t\n\t\t\t\n\t<div class=\"img has-hover x md-x lg-x y md-y lg-y\" id=\"image_1396202019\">\n\t\t\t\t\t\t<div data-animate=\"fadeInRight\">\t\t<div class=\"img-inner image-fade-in dark\" >\n\t\t\t<img decoding=\"async\" width=\"370\" height=\"317\" src=\"https:\/\/infamousdivision.com\/wp-content\/uploads\/2020\/07\/tallas-banyador-infamous-cat.png\" class=\"attachment-large size-large\" alt=\"\" srcset=\"https:\/\/infamousdivision.com\/wp-content\/uploads\/2020\/07\/tallas-banyador-infamous-cat.png 370w, https:\/\/infamousdivision.com\/wp-content\/uploads\/2020\/07\/tallas-banyador-infamous-cat-248x212.png 248w\" sizes=\"(max-width: 370px) 100vw, 370px\" \/>\t\t\t\t\t\t\n\t\t\t\t\t<\/div>\n\t\t<\/div>\t\t\t\t\t\t\n<style>\n#image_1396202019 {\n  width: 65%;\n}\n<\/style>\n\t<\/div>\n\t\n\t\t<\/div>\n\t\t\t\t\t<\/div>\n\n\t\n<\/div>\n","protected":false},"excerpt":{"rendered":"<p>100% poli\u00e8ster, color Navy. Teixit d&#8217;assecat r\u00e0pid i tacte de pell de pr\u00e9ssec. Cintura el\u00e0stica amb cord\u00f3 d&#8217;ajustament contrastat. Slip de malla integrat. Butxaca amb tancament de velcro a la part posterior.<\/p>\n","protected":false},"featured_media":1303,"template":"","meta":[],"product_brand":[],"product_cat":[105,126],"product_tag":[],"class_list":{"0":"post-1306","1":"product","2":"type-product","3":"status-publish","4":"has-post-thumbnail","6":"product_cat-complements","7":"product_cat-summer-collection-ca","9":"first","10":"instock","11":"taxable","12":"shipping-taxable","13":"purchasable","14":"product-type-variable"},"yoast_head":"<!-- This site is optimized with the Yoast SEO plugin v27.4 - https:\/\/yoast.com\/product\/yoast-seo-wordpress\/ -->\n<title>Banyador Classic Navy - Infamous Division<\/title>\n<meta name=\"robots\" content=\"index, follow, max-snippet:-1, max-image-preview:large, max-video-preview:-1\" \/>\n<link rel=\"canonical\" href=\"https:\/\/infamousdivision.com\/ca\/producto\/banyador-classic-navy\/\" \/>\n<meta property=\"og:locale\" content=\"ca_ES\" \/>\n<meta property=\"og:type\" content=\"article\" \/>\n<meta property=\"og:title\" content=\"Banyador Classic Navy - Infamous Division\" \/>\n<meta property=\"og:description\" content=\"100% poli\u00e8ster, color Navy. Teixit d&#039;assecat r\u00e0pid i tacte de pell de pr\u00e9ssec. Cintura el\u00e0stica amb cord\u00f3 d&#039;ajustament contrastat. Slip de malla integrat. Butxaca amb tancament de velcro a la part posterior.\" \/>\n<meta property=\"og:url\" content=\"https:\/\/infamousdivision.com\/ca\/producto\/banyador-classic-navy\/\" \/>\n<meta property=\"og:site_name\" content=\"Infamous Division\" \/>\n<meta property=\"article:publisher\" content=\"https:\/\/www.facebook.com\/infamousdivisionbcn\" \/>\n<meta property=\"article:modified_time\" content=\"2023-07-05T07:57:27+00:00\" \/>\n<meta property=\"og:image\" content=\"https:\/\/infamousdivision.com\/wp-content\/uploads\/2020\/07\/banyador-infamous-division.jpg\" \/>\n\t<meta property=\"og:image:width\" content=\"900\" \/>\n\t<meta property=\"og:image:height\" content=\"944\" \/>\n\t<meta property=\"og:image:type\" content=\"image\/jpeg\" \/>\n<meta name=\"twitter:card\" content=\"summary_large_image\" \/>\n<script type=\"application\/ld+json\" class=\"yoast-schema-graph\">{\"@context\":\"https:\\\/\\\/schema.org\",\"@graph\":[{\"@type\":\"WebPage\",\"@id\":\"https:\\\/\\\/infamousdivision.com\\\/ca\\\/producto\\\/banyador-classic-navy\\\/\",\"url\":\"https:\\\/\\\/infamousdivision.com\\\/ca\\\/producto\\\/banyador-classic-navy\\\/\",\"name\":\"Banyador Classic Navy - Infamous Division\",\"isPartOf\":{\"@id\":\"https:\\\/\\\/infamousdivision.com\\\/ca\\\/#website\"},\"primaryImageOfPage\":{\"@id\":\"https:\\\/\\\/infamousdivision.com\\\/ca\\\/producto\\\/banyador-classic-navy\\\/#primaryimage\"},\"image\":{\"@id\":\"https:\\\/\\\/infamousdivision.com\\\/ca\\\/producto\\\/banyador-classic-navy\\\/#primaryimage\"},\"thumbnailUrl\":\"https:\\\/\\\/infamousdivision.com\\\/wp-content\\\/uploads\\\/2020\\\/07\\\/banyador-infamous-division.jpg\",\"datePublished\":\"2020-07-14T20:59:51+00:00\",\"dateModified\":\"2023-07-05T07:57:27+00:00\",\"breadcrumb\":{\"@id\":\"https:\\\/\\\/infamousdivision.com\\\/ca\\\/producto\\\/banyador-classic-navy\\\/#breadcrumb\"},\"inLanguage\":\"ca\",\"potentialAction\":[{\"@type\":\"ReadAction\",\"target\":[\"https:\\\/\\\/infamousdivision.com\\\/ca\\\/producto\\\/banyador-classic-navy\\\/\"]}]},{\"@type\":\"ImageObject\",\"inLanguage\":\"ca\",\"@id\":\"https:\\\/\\\/infamousdivision.com\\\/ca\\\/producto\\\/banyador-classic-navy\\\/#primaryimage\",\"url\":\"https:\\\/\\\/infamousdivision.com\\\/wp-content\\\/uploads\\\/2020\\\/07\\\/banyador-infamous-division.jpg\",\"contentUrl\":\"https:\\\/\\\/infamousdivision.com\\\/wp-content\\\/uploads\\\/2020\\\/07\\\/banyador-infamous-division.jpg\",\"width\":900,\"height\":944,\"caption\":\"Ba\u00f1ador Classic Infamous Division\"},{\"@type\":\"BreadcrumbList\",\"@id\":\"https:\\\/\\\/infamousdivision.com\\\/ca\\\/producto\\\/banyador-classic-navy\\\/#breadcrumb\",\"itemListElement\":[{\"@type\":\"ListItem\",\"position\":1,\"name\":\"Portada\",\"item\":\"https:\\\/\\\/infamousdivision.com\\\/ca\\\/\"},{\"@type\":\"ListItem\",\"position\":2,\"name\":\"Tienda\",\"item\":\"https:\\\/\\\/infamousdivision.com\\\/ca\\\/botiga\\\/\"},{\"@type\":\"ListItem\",\"position\":3,\"name\":\"Banyador Classic Navy\"}]},{\"@type\":\"WebSite\",\"@id\":\"https:\\\/\\\/infamousdivision.com\\\/ca\\\/#website\",\"url\":\"https:\\\/\\\/infamousdivision.com\\\/ca\\\/\",\"name\":\"Infamous Division\",\"description\":\"Tienda de ropa casual. Creada en Barcelona. Nueva tienda anti racista ambientada en el f\u00fatbol.\",\"publisher\":{\"@id\":\"https:\\\/\\\/infamousdivision.com\\\/ca\\\/#organization\"},\"potentialAction\":[{\"@type\":\"SearchAction\",\"target\":{\"@type\":\"EntryPoint\",\"urlTemplate\":\"https:\\\/\\\/infamousdivision.com\\\/ca\\\/?s={search_term_string}\"},\"query-input\":{\"@type\":\"PropertyValueSpecification\",\"valueRequired\":true,\"valueName\":\"search_term_string\"}}],\"inLanguage\":\"ca\"},{\"@type\":\"Organization\",\"@id\":\"https:\\\/\\\/infamousdivision.com\\\/ca\\\/#organization\",\"name\":\"Infamous Division\",\"url\":\"https:\\\/\\\/infamousdivision.com\\\/ca\\\/\",\"logo\":{\"@type\":\"ImageObject\",\"inLanguage\":\"ca\",\"@id\":\"https:\\\/\\\/infamousdivision.com\\\/ca\\\/#\\\/schema\\\/logo\\\/image\\\/\",\"url\":\"http:\\\/\\\/infamousdivision.com\\\/wp-content\\\/uploads\\\/2019\\\/06\\\/logo_net_classic_1080.jpg\",\"contentUrl\":\"http:\\\/\\\/infamousdivision.com\\\/wp-content\\\/uploads\\\/2019\\\/06\\\/logo_net_classic_1080.jpg\",\"width\":1080,\"height\":1080,\"caption\":\"Infamous Division\"},\"image\":{\"@id\":\"https:\\\/\\\/infamousdivision.com\\\/ca\\\/#\\\/schema\\\/logo\\\/image\\\/\"},\"sameAs\":[\"https:\\\/\\\/www.facebook.com\\\/infamousdivisionbcn\",\"https:\\\/\\\/www.instagram.com\\\/infamousdivision\\\/\"]}]}<\/script>\n<!-- \/ Yoast SEO plugin. -->","yoast_head_json":{"title":"Banyador Classic Navy - Infamous Division","robots":{"index":"index","follow":"follow","max-snippet":"max-snippet:-1","max-image-preview":"max-image-preview:large","max-video-preview":"max-video-preview:-1"},"canonical":"https:\/\/infamousdivision.com\/ca\/producto\/banyador-classic-navy\/","og_locale":"ca_ES","og_type":"article","og_title":"Banyador Classic Navy - Infamous Division","og_description":"100% poli\u00e8ster, color Navy. Teixit d'assecat r\u00e0pid i tacte de pell de pr\u00e9ssec. Cintura el\u00e0stica amb cord\u00f3 d'ajustament contrastat. Slip de malla integrat. Butxaca amb tancament de velcro a la part posterior.","og_url":"https:\/\/infamousdivision.com\/ca\/producto\/banyador-classic-navy\/","og_site_name":"Infamous Division","article_publisher":"https:\/\/www.facebook.com\/infamousdivisionbcn","article_modified_time":"2023-07-05T07:57:27+00:00","og_image":[{"width":900,"height":944,"url":"https:\/\/infamousdivision.com\/wp-content\/uploads\/2020\/07\/banyador-infamous-division.jpg","type":"image\/jpeg"}],"twitter_card":"summary_large_image","schema":{"@context":"https:\/\/schema.org","@graph":[{"@type":"WebPage","@id":"https:\/\/infamousdivision.com\/ca\/producto\/banyador-classic-navy\/","url":"https:\/\/infamousdivision.com\/ca\/producto\/banyador-classic-navy\/","name":"Banyador Classic Navy - Infamous Division","isPartOf":{"@id":"https:\/\/infamousdivision.com\/ca\/#website"},"primaryImageOfPage":{"@id":"https:\/\/infamousdivision.com\/ca\/producto\/banyador-classic-navy\/#primaryimage"},"image":{"@id":"https:\/\/infamousdivision.com\/ca\/producto\/banyador-classic-navy\/#primaryimage"},"thumbnailUrl":"https:\/\/infamousdivision.com\/wp-content\/uploads\/2020\/07\/banyador-infamous-division.jpg","datePublished":"2020-07-14T20:59:51+00:00","dateModified":"2023-07-05T07:57:27+00:00","breadcrumb":{"@id":"https:\/\/infamousdivision.com\/ca\/producto\/banyador-classic-navy\/#breadcrumb"},"inLanguage":"ca","potentialAction":[{"@type":"ReadAction","target":["https:\/\/infamousdivision.com\/ca\/producto\/banyador-classic-navy\/"]}]},{"@type":"ImageObject","inLanguage":"ca","@id":"https:\/\/infamousdivision.com\/ca\/producto\/banyador-classic-navy\/#primaryimage","url":"https:\/\/infamousdivision.com\/wp-content\/uploads\/2020\/07\/banyador-infamous-division.jpg","contentUrl":"https:\/\/infamousdivision.com\/wp-content\/uploads\/2020\/07\/banyador-infamous-division.jpg","width":900,"height":944,"caption":"Ba\u00f1ador Classic Infamous Division"},{"@type":"BreadcrumbList","@id":"https:\/\/infamousdivision.com\/ca\/producto\/banyador-classic-navy\/#breadcrumb","itemListElement":[{"@type":"ListItem","position":1,"name":"Portada","item":"https:\/\/infamousdivision.com\/ca\/"},{"@type":"ListItem","position":2,"name":"Tienda","item":"https:\/\/infamousdivision.com\/ca\/botiga\/"},{"@type":"ListItem","position":3,"name":"Banyador Classic Navy"}]},{"@type":"WebSite","@id":"https:\/\/infamousdivision.com\/ca\/#website","url":"https:\/\/infamousdivision.com\/ca\/","name":"Infamous Division","description":"Tienda de ropa casual. Creada en Barcelona. Nueva tienda anti racista ambientada en el f\u00fatbol.","publisher":{"@id":"https:\/\/infamousdivision.com\/ca\/#organization"},"potentialAction":[{"@type":"SearchAction","target":{"@type":"EntryPoint","urlTemplate":"https:\/\/infamousdivision.com\/ca\/?s={search_term_string}"},"query-input":{"@type":"PropertyValueSpecification","valueRequired":true,"valueName":"search_term_string"}}],"inLanguage":"ca"},{"@type":"Organization","@id":"https:\/\/infamousdivision.com\/ca\/#organization","name":"Infamous Division","url":"https:\/\/infamousdivision.com\/ca\/","logo":{"@type":"ImageObject","inLanguage":"ca","@id":"https:\/\/infamousdivision.com\/ca\/#\/schema\/logo\/image\/","url":"http:\/\/infamousdivision.com\/wp-content\/uploads\/2019\/06\/logo_net_classic_1080.jpg","contentUrl":"http:\/\/infamousdivision.com\/wp-content\/uploads\/2019\/06\/logo_net_classic_1080.jpg","width":1080,"height":1080,"caption":"Infamous Division"},"image":{"@id":"https:\/\/infamousdivision.com\/ca\/#\/schema\/logo\/image\/"},"sameAs":["https:\/\/www.facebook.com\/infamousdivisionbcn","https:\/\/www.instagram.com\/infamousdivision\/"]}]}},"_links":{"self":[{"href":"https:\/\/infamousdivision.com\/ca\/wp-json\/wp\/v2\/product\/1306","targetHints":{"allow":["GET"]}}],"collection":[{"href":"https:\/\/infamousdivision.com\/ca\/wp-json\/wp\/v2\/product"}],"about":[{"href":"https:\/\/infamousdivision.com\/ca\/wp-json\/wp\/v2\/types\/product"}],"wp:featuredmedia":[{"embeddable":true,"href":"https:\/\/infamousdivision.com\/ca\/wp-json\/wp\/v2\/media\/1303"}],"wp:attachment":[{"href":"https:\/\/infamousdivision.com\/ca\/wp-json\/wp\/v2\/media?parent=1306"}],"wp:term":[{"taxonomy":"product_brand","embeddable":true,"href":"https:\/\/infamousdivision.com\/ca\/wp-json\/wp\/v2\/product_brand?post=1306"},{"taxonomy":"product_cat","embeddable":true,"href":"https:\/\/infamousdivision.com\/ca\/wp-json\/wp\/v2\/product_cat?post=1306"},{"taxonomy":"product_tag","embeddable":true,"href":"https:\/\/infamousdivision.com\/ca\/wp-json\/wp\/v2\/product_tag?post=1306"}],"curies":[{"name":"wp","href":"https:\/\/api.w.org\/{rel}","templated":true}]}}