{"id":683,"date":"2019-11-18T17:40:59","date_gmt":"2019-11-20T21:47:32","guid":{"rendered":"http:\/\/infamousdivision.com\/?post_type=product&#038;p=683"},"modified":"2022-12-09T00:00:52","modified_gmt":"2022-12-08T23:00:52","slug":"stand-not-to-run","status":"publish","type":"product","link":"https:\/\/infamousdivision.com\/ca\/producto\/stand-not-to-run\/","title":{"rendered":"It&#8217;s made to STAND not to run"},"content":{"rendered":"<div class=\"row\"  id=\"row-2094971055\">\n\n\t<div id=\"col-1432225885\" class=\"col medium-8 small-12 large-8\"  >\n\t\t\t\t<div class=\"col-inner\"  >\n\t\t\t\n\t\t\t\n<p>&nbsp;<\/p>\n<table id=\"tablePreview\" class=\"table\" style=\"font-size: 14.4px;\">\n<thead>\n<tr>\n<th>Talla home<\/th>\n<th>XS<\/th>\n<th>S<\/th>\n<th>M<\/th>\n<th>L<\/th>\n<th>XL<\/th>\n<\/tr>\n<\/thead>\n<tbody>\n<tr>\n<th scope=\"row\">\u2192 Ample<\/th>\n<td>45 cm<\/td>\n<td>48 cm<\/td>\n<td>51 cm<\/td>\n<td>54 cm<\/td>\n<td>57 cm<\/td>\n<\/tr>\n<tr>\n<th scope=\"row\">\u2193 Llarg<\/th>\n<td>68 cm<\/td>\n<td>70 cm<\/td>\n<td>72 cm<\/td>\n<td>74 cm<\/td>\n<td>76 cm<\/td>\n<\/tr>\n<\/tbody>\n<\/table>\n<p>&nbsp;<\/p>\n<table id=\"tablePreview\" class=\"table\" style=\"font-size: 14.4px;\">\n<thead>\n<tr>\n<th>Talla dona<\/th>\n<th>S<\/th>\n<th>M<\/th>\n<th>L<\/th>\n<th>XL<\/th>\n<\/tr>\n<\/thead>\n<tbody>\n<tr>\n<th scope=\"row\">\u2192 Ample<\/th>\n<td>42 cm<\/td>\n<td>44 cm<\/td>\n<td>46 cm<\/td>\n<td>48 cm<\/td>\n<\/tr>\n<tr>\n<th scope=\"row\">\u2193 Llarg<\/th>\n<td>60 cm<\/td>\n<td>62 cm<\/td>\n<td>64 cm<\/td>\n<td>66 cm<\/td>\n<\/tr>\n<\/tbody>\n<\/table>\n<p>&nbsp;<\/p>\n<p>&nbsp;<\/p>\n\t\t<\/div>\n\t\t\t\t\t<\/div>\n\n\t\n\n\t<div id=\"col-1434242094\" class=\"col medium-4 small-12 large-4 tip-top\" title=\"Comprova les teves mides\" >\n\t\t\t\t<div class=\"col-inner text-center\"  >\n\t\t\t\n\t\t\t\n\t<div class=\"img has-hover x md-x lg-x y md-y lg-y\" id=\"image_814118177\">\n\t\t\t\t\t\t<div data-animate=\"fadeInRight\">\t\t<div class=\"img-inner image-fade-in dark\" >\n\t\t\t<img decoding=\"async\" width=\"370\" height=\"368\" src=\"https:\/\/infamousdivision.com\/wp-content\/uploads\/2019\/06\/talles-samarretes-barcelona.jpg\" class=\"attachment-large size-large\" alt=\"\" srcset=\"https:\/\/infamousdivision.com\/wp-content\/uploads\/2019\/06\/talles-samarretes-barcelona.jpg 370w, https:\/\/infamousdivision.com\/wp-content\/uploads\/2019\/06\/talles-samarretes-barcelona-248x247.jpg 248w, https:\/\/infamousdivision.com\/wp-content\/uploads\/2019\/06\/talles-samarretes-barcelona-100x100.jpg 100w\" sizes=\"(max-width: 370px) 100vw, 370px\" \/>\t\t\t\t\t\t\n\t\t\t\t\t<\/div>\n\t\t<\/div>\t\t\t\t\t\t\n<style>\n#image_814118177 {\n  width: 65%;\n}\n<\/style>\n\t<\/div>\n\t\n\t\t<\/div>\n\t\t\t\t\t<\/div>\n\n\t\n<\/div>\n","protected":false},"excerpt":{"rendered":"<p>Material 100% cot\u00f3 preencongit. Gramatge: 185 gr. Samarreta amb coll rod\u00f3 i de lycra. Teixit tubular. Doble costura en coll, m\u00e0nigues i baix. Refor\u00e7 d\u2019ombro a ombro. Etiqueta interior serigrafiada i etiqueta jacquard doble a la m\u00e0niga.<\/p>\n","protected":false},"featured_media":653,"template":"","meta":[],"product_brand":[],"product_cat":[82],"product_tag":[116],"class_list":{"0":"post-683","1":"product","2":"type-product","3":"status-publish","4":"has-post-thumbnail","6":"product_cat-samarretes","7":"product_tag-barcelona-ca","9":"first","10":"instock","11":"taxable","12":"shipping-taxable","13":"purchasable","14":"product-type-variable"},"yoast_head":"<!-- This site is optimized with the Yoast SEO plugin v27.4 - https:\/\/yoast.com\/product\/yoast-seo-wordpress\/ -->\n<title>It&#039;s made to STAND not to run - Infamous Division<\/title>\n<meta name=\"robots\" content=\"index, follow, max-snippet:-1, max-image-preview:large, max-video-preview:-1\" \/>\n<link rel=\"canonical\" href=\"https:\/\/infamousdivision.com\/ca\/producto\/stand-not-to-run\/\" \/>\n<meta property=\"og:locale\" content=\"ca_ES\" \/>\n<meta property=\"og:type\" content=\"article\" \/>\n<meta property=\"og:title\" content=\"It&#039;s made to STAND not to run - Infamous Division\" \/>\n<meta property=\"og:description\" content=\"Material 100% cot\u00f3 preencongit. Gramatge: 185 gr. Samarreta amb coll rod\u00f3 i de lycra. Teixit tubular. Doble costura en coll, m\u00e0nigues i baix. Refor\u00e7 d\u2019ombro a ombro. Etiqueta interior serigrafiada i etiqueta jacquard doble a la m\u00e0niga.\" \/>\n<meta property=\"og:url\" content=\"https:\/\/infamousdivision.com\/ca\/producto\/stand-not-to-run\/\" \/>\n<meta property=\"og:site_name\" content=\"Infamous Division\" \/>\n<meta property=\"article:publisher\" content=\"https:\/\/www.facebook.com\/infamousdivisionbcn\" \/>\n<meta property=\"article:modified_time\" content=\"2022-12-08T23:00:52+00:00\" \/>\n<meta property=\"og:image\" content=\"https:\/\/infamousdivision.com\/wp-content\/uploads\/2019\/11\/stand_addidas_infamous.jpg\" \/>\n\t<meta property=\"og:image:width\" content=\"900\" \/>\n\t<meta property=\"og:image:height\" content=\"944\" \/>\n\t<meta property=\"og:image:type\" content=\"image\/jpeg\" \/>\n<meta name=\"twitter:card\" content=\"summary_large_image\" \/>\n<script type=\"application\/ld+json\" class=\"yoast-schema-graph\">{\"@context\":\"https:\\\/\\\/schema.org\",\"@graph\":[{\"@type\":\"WebPage\",\"@id\":\"https:\\\/\\\/infamousdivision.com\\\/ca\\\/producto\\\/stand-not-to-run\\\/\",\"url\":\"https:\\\/\\\/infamousdivision.com\\\/ca\\\/producto\\\/stand-not-to-run\\\/\",\"name\":\"It's made to STAND not to run - Infamous Division\",\"isPartOf\":{\"@id\":\"https:\\\/\\\/infamousdivision.com\\\/ca\\\/#website\"},\"primaryImageOfPage\":{\"@id\":\"https:\\\/\\\/infamousdivision.com\\\/ca\\\/producto\\\/stand-not-to-run\\\/#primaryimage\"},\"image\":{\"@id\":\"https:\\\/\\\/infamousdivision.com\\\/ca\\\/producto\\\/stand-not-to-run\\\/#primaryimage\"},\"thumbnailUrl\":\"https:\\\/\\\/infamousdivision.com\\\/wp-content\\\/uploads\\\/2019\\\/11\\\/stand_addidas_infamous.jpg\",\"datePublished\":\"2019-11-20T21:47:32+00:00\",\"dateModified\":\"2022-12-08T23:00:52+00:00\",\"breadcrumb\":{\"@id\":\"https:\\\/\\\/infamousdivision.com\\\/ca\\\/producto\\\/stand-not-to-run\\\/#breadcrumb\"},\"inLanguage\":\"ca\",\"potentialAction\":[{\"@type\":\"ReadAction\",\"target\":[\"https:\\\/\\\/infamousdivision.com\\\/ca\\\/producto\\\/stand-not-to-run\\\/\"]}]},{\"@type\":\"ImageObject\",\"inLanguage\":\"ca\",\"@id\":\"https:\\\/\\\/infamousdivision.com\\\/ca\\\/producto\\\/stand-not-to-run\\\/#primaryimage\",\"url\":\"https:\\\/\\\/infamousdivision.com\\\/wp-content\\\/uploads\\\/2019\\\/11\\\/stand_addidas_infamous.jpg\",\"contentUrl\":\"https:\\\/\\\/infamousdivision.com\\\/wp-content\\\/uploads\\\/2019\\\/11\\\/stand_addidas_infamous.jpg\",\"width\":900,\"height\":944},{\"@type\":\"BreadcrumbList\",\"@id\":\"https:\\\/\\\/infamousdivision.com\\\/ca\\\/producto\\\/stand-not-to-run\\\/#breadcrumb\",\"itemListElement\":[{\"@type\":\"ListItem\",\"position\":1,\"name\":\"Portada\",\"item\":\"https:\\\/\\\/infamousdivision.com\\\/ca\\\/\"},{\"@type\":\"ListItem\",\"position\":2,\"name\":\"Tienda\",\"item\":\"https:\\\/\\\/infamousdivision.com\\\/ca\\\/botiga\\\/\"},{\"@type\":\"ListItem\",\"position\":3,\"name\":\"It&#8217;s made to STAND not to run\"}]},{\"@type\":\"WebSite\",\"@id\":\"https:\\\/\\\/infamousdivision.com\\\/ca\\\/#website\",\"url\":\"https:\\\/\\\/infamousdivision.com\\\/ca\\\/\",\"name\":\"Infamous Division\",\"description\":\"Tienda de ropa casual. Creada en Barcelona. Nueva tienda anti racista ambientada en el f\u00fatbol.\",\"publisher\":{\"@id\":\"https:\\\/\\\/infamousdivision.com\\\/ca\\\/#organization\"},\"potentialAction\":[{\"@type\":\"SearchAction\",\"target\":{\"@type\":\"EntryPoint\",\"urlTemplate\":\"https:\\\/\\\/infamousdivision.com\\\/ca\\\/?s={search_term_string}\"},\"query-input\":{\"@type\":\"PropertyValueSpecification\",\"valueRequired\":true,\"valueName\":\"search_term_string\"}}],\"inLanguage\":\"ca\"},{\"@type\":\"Organization\",\"@id\":\"https:\\\/\\\/infamousdivision.com\\\/ca\\\/#organization\",\"name\":\"Infamous Division\",\"url\":\"https:\\\/\\\/infamousdivision.com\\\/ca\\\/\",\"logo\":{\"@type\":\"ImageObject\",\"inLanguage\":\"ca\",\"@id\":\"https:\\\/\\\/infamousdivision.com\\\/ca\\\/#\\\/schema\\\/logo\\\/image\\\/\",\"url\":\"http:\\\/\\\/infamousdivision.com\\\/wp-content\\\/uploads\\\/2019\\\/06\\\/logo_net_classic_1080.jpg\",\"contentUrl\":\"http:\\\/\\\/infamousdivision.com\\\/wp-content\\\/uploads\\\/2019\\\/06\\\/logo_net_classic_1080.jpg\",\"width\":1080,\"height\":1080,\"caption\":\"Infamous Division\"},\"image\":{\"@id\":\"https:\\\/\\\/infamousdivision.com\\\/ca\\\/#\\\/schema\\\/logo\\\/image\\\/\"},\"sameAs\":[\"https:\\\/\\\/www.facebook.com\\\/infamousdivisionbcn\",\"https:\\\/\\\/www.instagram.com\\\/infamousdivision\\\/\"]}]}<\/script>\n<!-- \/ Yoast SEO plugin. -->","yoast_head_json":{"title":"It's made to STAND not to run - Infamous Division","robots":{"index":"index","follow":"follow","max-snippet":"max-snippet:-1","max-image-preview":"max-image-preview:large","max-video-preview":"max-video-preview:-1"},"canonical":"https:\/\/infamousdivision.com\/ca\/producto\/stand-not-to-run\/","og_locale":"ca_ES","og_type":"article","og_title":"It's made to STAND not to run - Infamous Division","og_description":"Material 100% cot\u00f3 preencongit. Gramatge: 185 gr. Samarreta amb coll rod\u00f3 i de lycra. Teixit tubular. Doble costura en coll, m\u00e0nigues i baix. Refor\u00e7 d\u2019ombro a ombro. Etiqueta interior serigrafiada i etiqueta jacquard doble a la m\u00e0niga.","og_url":"https:\/\/infamousdivision.com\/ca\/producto\/stand-not-to-run\/","og_site_name":"Infamous Division","article_publisher":"https:\/\/www.facebook.com\/infamousdivisionbcn","article_modified_time":"2022-12-08T23:00:52+00:00","og_image":[{"width":900,"height":944,"url":"https:\/\/infamousdivision.com\/wp-content\/uploads\/2019\/11\/stand_addidas_infamous.jpg","type":"image\/jpeg"}],"twitter_card":"summary_large_image","schema":{"@context":"https:\/\/schema.org","@graph":[{"@type":"WebPage","@id":"https:\/\/infamousdivision.com\/ca\/producto\/stand-not-to-run\/","url":"https:\/\/infamousdivision.com\/ca\/producto\/stand-not-to-run\/","name":"It's made to STAND not to run - Infamous Division","isPartOf":{"@id":"https:\/\/infamousdivision.com\/ca\/#website"},"primaryImageOfPage":{"@id":"https:\/\/infamousdivision.com\/ca\/producto\/stand-not-to-run\/#primaryimage"},"image":{"@id":"https:\/\/infamousdivision.com\/ca\/producto\/stand-not-to-run\/#primaryimage"},"thumbnailUrl":"https:\/\/infamousdivision.com\/wp-content\/uploads\/2019\/11\/stand_addidas_infamous.jpg","datePublished":"2019-11-20T21:47:32+00:00","dateModified":"2022-12-08T23:00:52+00:00","breadcrumb":{"@id":"https:\/\/infamousdivision.com\/ca\/producto\/stand-not-to-run\/#breadcrumb"},"inLanguage":"ca","potentialAction":[{"@type":"ReadAction","target":["https:\/\/infamousdivision.com\/ca\/producto\/stand-not-to-run\/"]}]},{"@type":"ImageObject","inLanguage":"ca","@id":"https:\/\/infamousdivision.com\/ca\/producto\/stand-not-to-run\/#primaryimage","url":"https:\/\/infamousdivision.com\/wp-content\/uploads\/2019\/11\/stand_addidas_infamous.jpg","contentUrl":"https:\/\/infamousdivision.com\/wp-content\/uploads\/2019\/11\/stand_addidas_infamous.jpg","width":900,"height":944},{"@type":"BreadcrumbList","@id":"https:\/\/infamousdivision.com\/ca\/producto\/stand-not-to-run\/#breadcrumb","itemListElement":[{"@type":"ListItem","position":1,"name":"Portada","item":"https:\/\/infamousdivision.com\/ca\/"},{"@type":"ListItem","position":2,"name":"Tienda","item":"https:\/\/infamousdivision.com\/ca\/botiga\/"},{"@type":"ListItem","position":3,"name":"It&#8217;s made to STAND not to run"}]},{"@type":"WebSite","@id":"https:\/\/infamousdivision.com\/ca\/#website","url":"https:\/\/infamousdivision.com\/ca\/","name":"Infamous Division","description":"Tienda de ropa casual. Creada en Barcelona. Nueva tienda anti racista ambientada en el f\u00fatbol.","publisher":{"@id":"https:\/\/infamousdivision.com\/ca\/#organization"},"potentialAction":[{"@type":"SearchAction","target":{"@type":"EntryPoint","urlTemplate":"https:\/\/infamousdivision.com\/ca\/?s={search_term_string}"},"query-input":{"@type":"PropertyValueSpecification","valueRequired":true,"valueName":"search_term_string"}}],"inLanguage":"ca"},{"@type":"Organization","@id":"https:\/\/infamousdivision.com\/ca\/#organization","name":"Infamous Division","url":"https:\/\/infamousdivision.com\/ca\/","logo":{"@type":"ImageObject","inLanguage":"ca","@id":"https:\/\/infamousdivision.com\/ca\/#\/schema\/logo\/image\/","url":"http:\/\/infamousdivision.com\/wp-content\/uploads\/2019\/06\/logo_net_classic_1080.jpg","contentUrl":"http:\/\/infamousdivision.com\/wp-content\/uploads\/2019\/06\/logo_net_classic_1080.jpg","width":1080,"height":1080,"caption":"Infamous Division"},"image":{"@id":"https:\/\/infamousdivision.com\/ca\/#\/schema\/logo\/image\/"},"sameAs":["https:\/\/www.facebook.com\/infamousdivisionbcn","https:\/\/www.instagram.com\/infamousdivision\/"]}]}},"_links":{"self":[{"href":"https:\/\/infamousdivision.com\/ca\/wp-json\/wp\/v2\/product\/683","targetHints":{"allow":["GET"]}}],"collection":[{"href":"https:\/\/infamousdivision.com\/ca\/wp-json\/wp\/v2\/product"}],"about":[{"href":"https:\/\/infamousdivision.com\/ca\/wp-json\/wp\/v2\/types\/product"}],"wp:featuredmedia":[{"embeddable":true,"href":"https:\/\/infamousdivision.com\/ca\/wp-json\/wp\/v2\/media\/653"}],"wp:attachment":[{"href":"https:\/\/infamousdivision.com\/ca\/wp-json\/wp\/v2\/media?parent=683"}],"wp:term":[{"taxonomy":"product_brand","embeddable":true,"href":"https:\/\/infamousdivision.com\/ca\/wp-json\/wp\/v2\/product_brand?post=683"},{"taxonomy":"product_cat","embeddable":true,"href":"https:\/\/infamousdivision.com\/ca\/wp-json\/wp\/v2\/product_cat?post=683"},{"taxonomy":"product_tag","embeddable":true,"href":"https:\/\/infamousdivision.com\/ca\/wp-json\/wp\/v2\/product_tag?post=683"}],"curies":[{"name":"wp","href":"https:\/\/api.w.org\/{rel}","templated":true}]}}